{"id":50044,"date":"2026-02-05T17:48:41","date_gmt":"2026-02-05T16:48:41","guid":{"rendered":"https:\/\/fain.es\/cookien-politika\/"},"modified":"2026-03-30T13:41:41","modified_gmt":"2026-03-30T11:41:41","slug":"cookien-politika","status":"publish","type":"page","link":"https:\/\/fain.es\/eu\/cookien-politika\/","title":{"rendered":"Cookieak"},"content":{"rendered":"<ol start=\"1\">\n<li>\n<h2>CAPA 2: POL\u00cdTICA EXTENSA<\/h2>\n<\/li>\n<\/ol>\n<p>El objetivo de esta pol\u00edtica es informar a los interesados acerca de las cookies que emplea esta p\u00e1gina web, de conformidad con lo establecido en la Ley 34\/2002, de 11 de julio, de Servicios de la Sociedad de la Informaci\u00f3n y de Comercio Electr\u00f3nico, y el Reglamento (UE) 2016\/679 del Parlamento Europeo y del Consejo de 27 de abril de 2016.<\/p>\n<ol start=\"1\">\n<li>\n<h2>USO DE COOKIES. \u00bfQU\u00c9 SON LAS COOKIES?<\/h2>\n<\/li>\n<\/ol>\n<p>Las cookies son ficheros que se descargan en su Ordenador, Smartphone o Tablet al acceder a determinadas p\u00e1ginas web. La utilizaci\u00f3n de cookies ofrece numerosas ventajas en la prestaci\u00f3n de servicios de la Sociedad de la Informaci\u00f3n, puesto que, entre otras:<\/p>\n<p>(a) facilita la navegaci\u00f3n del usuario en el Sitio Web;<\/p>\n<p>(b) facilita al usuario el acceso a los diferentes servicios que ofrece el Sitio Web;<\/p>\n<p>(c) evita al usuario volver a configurar las caracter\u00edsticas generales predefinidas cada vez que accede al Sitio Web;<\/p>\n<p>(d) favorece la mejora del funcionamiento y de los servicios prestados a trav\u00e9s del Sitio Web, tras el correspondiente an\u00e1lisis de la informaci\u00f3n obtenida a trav\u00e9s de las cookies instaladas;<\/p>\n<p>(e) permiten a un Sitio Web, entre otras cosas, almacenar y recuperar informaci\u00f3n sobre los h\u00e1bitos de navegaci\u00f3n de un usuario o de su equipo y, dependiendo de la informaci\u00f3n que contengan y de la forma en que utilice su equipo, pueden utilizarse para reconocer al usuario.<\/p>\n<p>La mayor\u00eda de los navegadores aceptan como est\u00e1ndar las cookies y, con independencia de las mismas, permiten o impiden en los ajustes de seguridad las cookies temporales o memorizadas.<\/p>\n<p>Tenga en cuenta que, para poder utilizar y contar con una mejor experiencia de navegaci\u00f3n, es necesario que tenga habilitadas las cookies, especialmente aquellas de car\u00e1cter t\u00e9cnico que resultan necesarias para que puedan identificarle como usuario registrado cada vez que acceda a la presente web.<\/p>\n<p>En caso de no querer recibir cookies, por favor, configure su navegador de internet, para que las borre del disco duro de su ordenador, las bloquee o le avise en su caso de instalaci\u00f3n de las mismas.<\/p>\n<ol start=\"2\">\n<li>\n<h2>\u00bfQU\u00c9 TIPOS DE COOKIES UTILIZA ESTA P\u00c1GINA WEB?<\/h2>\n<\/li>\n<\/ol>\n<p>Cookies utilizadas en este sitio web<\/p>\n<p>Siguiendo las directrices de la Agencia Espa\u00f1ola de Protecci\u00f3n de Datos, procedemos a detallar el uso de las cookies que esta p\u00e1gina web emplea, con el fin de proporcionarle la m\u00e1xima informaci\u00f3n posible.<\/p>\n<p>Cookies Propias<\/p>\n<p>Son aquellas que se env\u00edan al equipo terminal del usuario desde un equipo o dominio gestionado por el propio editor y desde el que se presta el servicio solicitado por el usuario.<\/p>\n<p>A continuaci\u00f3n, detallamos la lista de las cookies que utilizamos:<br \/>\n<script id=\"CookieDeclaration\" src=\"https:\/\/consent.cookiebot.com\/7fc1b15d-46e1-4355-bfb2-60dc6b577df1\/cd.js\" type=\"text\/javascript\" async><\/script><br \/>\nFAIN ASCENSORES S.A. no se hace responsable, en ning\u00fan caso, ni del contenido ni de la veracidad de las pol\u00edticas y\/o condiciones de uso y privacidad de los terceros incluidos a trav\u00e9s de los enlaces en esta pol\u00edtica.<\/p>\n<ol start=\"3\">\n<li>\n<h2>CONSENTIMIENTO<\/h2>\n<\/li>\n<\/ol>\n<p>En relaci\u00f3n con la utilizaci\u00f3n de cookies de este sitio web, el usuario autoriza y consiente su uso de la siguiente forma:<\/p>\n<p>Cuando el usuario accede a cualquier p\u00e1gina de la web, ver\u00e1 un aviso donde se indica que la p\u00e1gina web de FAIN ASCENSORES S.A. utiliza cookies, pudiendo el usuario aceptar o rechazar el uso de las mismas a trav\u00e9s del panel de configuraci\u00f3n. Al hacer clic en aceptar, usted acepta el uso de nuestras cookies y, en su caso, las de los terceros. A estos efectos, le indicamos que el panel de configuraci\u00f3n\/privacidad permite la posibilidad de aceptarlas o rechazarlas por tipolog\u00eda.<\/p>\n<ol start=\"4\">\n<li>\n<h2>PLAZOS O CRITERIOS DE CONSERVACI\u00d3N DE LOS DATOS<\/h2>\n<\/li>\n<\/ol>\n<p>Los datos obtenidos a trav\u00e9s del uso de las cookies por usted seleccionadas, ser\u00e1n conservados durante el tiempo necesario para cumplir con las finalidades para los que fueron recopilados y durante el periodo de tiempo establecido en el apartado \u00abQU\u00c9 TIPOS DE COOKIES UTILIZA ESTA P\u00c1GINA WEB\u00bb de la presente pol\u00edtica, para cada una de las cookies instaladas en el dispositivo.<\/p>\n<ol start=\"5\">\n<li>\n<h2>C\u00d3MO BLOQUEAR REVOCAR O ELIMINAR LAS COOKIES INSTALADAS<\/h2>\n<\/li>\n<\/ol>\n<p>Puede usted permitir, bloquear, revocar o eliminar las cookies instaladas en su equipo mediante la configuraci\u00f3n de las opciones de su navegador. Puede encontrar informaci\u00f3n sobre c\u00f3mo hacerlo, en relaci\u00f3n con los navegadores m\u00e1s comunes, en los links que se incluyen a continuaci\u00f3n:<\/p>\n<ul>\n<li>\u00a0Explorer: <a href=\"https:\/\/www.google.com\/url?q=https:\/\/support.microsoft.com\/es-es\/kb\/278835&amp;sa=D&amp;source=editors&amp;ust=1707395461156933&amp;usg=AOvVaw2RC4RwdeuPoXkJPBWwSk9t\">https:\/\/support.microsoft.com\/es-es\/kb\/278835<\/a><\/li>\n<li>\u00a0Microsoft Edge: <a href=\"https:\/\/www.google.com\/url?q=https:\/\/privacy.microsoft.com\/es-es\/windows-10-microsoft-edge-and-privacy&amp;sa=D&amp;source=editors&amp;ust=1707395461157560&amp;usg=AOvVaw3TR5SH9Bsafq4WcRLsekxV\">https:\/\/privacy.microsoft.com\/es-es\/windows-10-microsoft-edge-and-privacy<\/a><\/li>\n<li>Chrome:<a href=\"https:\/\/www.google.com\/url?q=http:\/\/support.google.com\/chrome\/bin\/answer.py?hl%3Des%26answer%3D95647&amp;sa=D&amp;source=editors&amp;ust=1707395461158111&amp;usg=AOvVaw1Qb5W-SND55Uyyqlt466V0\">https:\/\/support.google.com\/chrome\/answer\/95647?co=GENIE.Platform%3DDesktop&amp;hl=esttp:\/\/support.google.com\/chrome\/bin\/answer.py?hl=es&amp;answer=95647<\/a><\/li>\n<li>\u00a0Firefox: <a href=\"https:\/\/www.google.com\/url?q=http:\/\/support.mozilla.org\/es\/kb\/Borrar%2520cookies&amp;sa=D&amp;source=editors&amp;ust=1707395461158612&amp;usg=AOvVaw3752ROg-5J0GyffJ-7NwEK\">http:\/\/support.mozilla.org\/es\/kb\/Borrar%20cookies<\/a><\/li>\n<li>\u00a0Safari: <a href=\"https:\/\/www.google.com\/url?q=http:\/\/support.apple.com\/kb\/ph5042&amp;sa=D&amp;source=editors&amp;ust=1707395461159028&amp;usg=AOvVaw07KWdCZ99XAwY53rVFJREa\">http:\/\/support.apple.com\/kb\/ph5042.<\/a><\/li>\n<li>\u00a0Opera: <a href=\"https:\/\/www.google.com\/url?q=https:\/\/help.opera.com\/en\/latest\/web-preferences\/%23cookies&amp;sa=D&amp;source=editors&amp;ust=1707395461159391&amp;usg=AOvVaw0lqrWZqliUs4FC4KeTG4lr\">https:\/\/help.opera.com\/en\/latest\/web-preferences\/#cookies<\/a><\/li>\n<\/ul>\n<p>Para poder revocar las cookies inicialmente aceptadas, haga clic en Revocar cookies.<\/p>\n<ol start=\"6\">\n<li>\n<h2>TRANSFERENCIAS INTERNACIONALES DE DATOS<\/h2>\n<\/li>\n<\/ol>\n<p>En cumplimiento de lo establecido en el Reglamento Europeo 2016\/679 del Parlamento Europeo y del Consejo de 27 de abril de 2016, y la Ley Org\u00e1nica 3\/2018, de 5 de diciembre, de Protecci\u00f3n de Datos Personales y garant\u00eda de los derechos digitales, te informamos que, como consecuencia de los proveedores empleados, la entidad realiza las siguientes transferencias internacionales de datos a destinatarios establecidos fuera del Espacio Econ\u00f3mico Europeo (EEE):<\/p>\n<table class=\"table\">\n<thead>\n<tr>\n<th scope=\"col\">Pa\u00eds<\/th>\n<th scope=\"col\">Finalidad<\/th>\n<th scope=\"col\">Tipolog\u00edas de Datos<\/th>\n<th scope=\"col\">Garant\u00eda<\/th>\n<\/tr>\n<\/thead>\n<tbody>\n<tr>\n<td>EE.UU<\/td>\n<td>MEDICI\u00d3N Y AN\u00c1LISIS<\/td>\n<td>-Datos identificativos: IP, ID de usuario<\/td>\n<td>Excepci\u00f3n del art. 49.1.a) RGPD -Consentimiento expreso del interesado<\/td>\n<\/tr>\n<tr>\n<td>CANAD\u00c1<\/td>\n<td>HOSTING WEB<\/td>\n<td>-Datos identificativos: IP<\/td>\n<td>Decisi\u00f3n de adecuaci\u00f3n de la Comisi\u00f3n Europea 2002\/2\/EC<\/td>\n<\/tr>\n<\/tbody>\n<\/table>\n<p>Le informamos que las referidas Transferencias Internacionales de Datos no est\u00e1n basadas en una decisi\u00f3n de adecuaci\u00f3n de la Comisi\u00f3n Europea ni en el ofrecimiento de garant\u00edas adecuadas, por lo que, no cuentan con un nivel id\u00f3neo de protecci\u00f3n de conformidad con lo dispuesto por el RGPD. A los efectos oportunos, le informamos que este hecho puede conllevar ciertos riesgos para la protecci\u00f3n de sus datos de car\u00e1cter personal. Dichos riesgos derivados pueden incluir que no exista una autoridad supervisora de protecci\u00f3n equivalente y\/o unos principios de protecci\u00f3n de tratamiento de datos y\/o unos derechos de protecci\u00f3n de los interesados equivalentes.<\/p>\n<p>Para m\u00e1s informaci\u00f3n, visite nuestra <a href=\"https:\/\/fain.es\/politica-privacidad\/\">pol\u00edtica de privacidad<\/a>.<\/p>\n<ol start=\"7\">\n<li>\n<h2>DESTINATARIOS DE LA INFORMACI\u00d3N<\/h2>\n<\/li>\n<\/ol>\n<p>Le informamos de que las empresas colaboradoras detalladas en el Panel de Configuraci\u00f3n tienen acceso a la informaci\u00f3n obtenida a trav\u00e9s de las cookies del sitio web. Asimismo, le informamos de que algunos de nuestros proveedores as\u00ed como empresas colaboradoras pueden realizar transferencias a terceros pa\u00edses. A estos efectos, le recomendamos que visite sus respectivas pol\u00edticas de privacidad, las cuales se encuentran accesibles a trav\u00e9s de los enlaces facilitados en el Panel de Configuraci\u00f3n.<\/p>\n<ol start=\"8\">\n<li>\n<h2>MODIFICACIONES. ACTUALIZACI\u00d3N<\/h2>\n<\/li>\n<\/ol>\n<p>La presente pol\u00edtica de cookies puede verse modificada\/actualizada en funci\u00f3n de las exigencias legales establecidas o con la finalidad de adaptar dicha pol\u00edtica a las instrucciones dictadas por la Agencia Espa\u00f1ola de Protecci\u00f3n de Datos o por actualizaci\u00f3n de nuestro sitio web. Por esta raz\u00f3n, aconsejamos a los usuarios que visiten peri\u00f3dicamente nuestra <a href=\"https:\/\/fain.es\/politica-de-cookies\/\">pol\u00edtica de cookies<\/a>.<\/p>\n<p>Si tiene dudas acerca de esta pol\u00edtica de cookies, puede contactar con FAIN ASCENSORES S.A. a trav\u00e9s del siguiente correo electr\u00f3nico lopd@fainascensores.com<\/p>\n<p>Para obtener informaci\u00f3n adicional sobre el tratamiento de sus datos personales acuda a nuestra <a href=\"https:\/\/fain.es\/politica-privacidad\/\">Pol\u00edtica<\/a> de Privacidad<\/p>\n<p>\u00daltima revisi\u00f3n 24 de Mayo de 2023<\/p>\n","protected":false},"excerpt":{"rendered":"<p>CAPA 2: POL\u00cdTICA EXTENSA El objetivo de esta pol\u00edtica es informar a los interesados acerca de las cookies que emplea esta p\u00e1gina web, de conformidad con lo establecido en la Ley 34\/2002, de 11 de julio, de Servicios de la Sociedad de la Informaci\u00f3n y de Comercio Electr\u00f3nico, y el Reglamento (UE) 2016\/679 del Parlamento [&hellip;]<\/p>\n","protected":false},"author":110141,"featured_media":0,"parent":0,"menu_order":0,"comment_status":"closed","ping_status":"closed","template":"template-legales.php","meta":{"_acf_changed":false,"inline_featured_image":false,"footnotes":""},"class_list":["post-50044","page","type-page","status-publish","hentry"],"acf":[],"yoast_head":"<!-- This site is optimized with the Yoast SEO plugin v27.3 - https:\/\/yoast.com\/product\/yoast-seo-wordpress\/ -->\n<title>Cookieak - FAIN<\/title>\n<meta name=\"description\" content=\"Gure webgunean cookieak erabiltzen ditugu zure erabiltzaile esperientzia hobetzeko. Lortu informazio gehiago gure politikari buruz.\" \/>\n<meta name=\"robots\" content=\"index, follow, max-snippet:-1, max-image-preview:large, max-video-preview:-1\" \/>\n<link rel=\"canonical\" href=\"https:\/\/fain.es\/eu\/cookien-politika\/\" \/>\n<meta property=\"og:locale\" content=\"eu_ES\" \/>\n<meta property=\"og:type\" content=\"article\" \/>\n<meta property=\"og:title\" content=\"Cookieak - FAIN\" \/>\n<meta property=\"og:description\" content=\"Gure webgunean cookieak erabiltzen ditugu zure erabiltzaile esperientzia hobetzeko. Lortu informazio gehiago gure politikari buruz.\" \/>\n<meta property=\"og:url\" content=\"https:\/\/fain.es\/eu\/cookien-politika\/\" \/>\n<meta property=\"og:site_name\" content=\"FAIN\" \/>\n<meta property=\"article:modified_time\" content=\"2026-03-30T11:41:41+00:00\" \/>\n<meta name=\"twitter:card\" content=\"summary_large_image\" \/>\n<meta name=\"twitter:label1\" content=\"Est. reading time\" \/>\n\t<meta name=\"twitter:data1\" content=\"6 minutes\" \/>\n<script type=\"application\/ld+json\" class=\"yoast-schema-graph\">{\"@context\":\"https:\\\/\\\/schema.org\",\"@graph\":[{\"@type\":\"WebPage\",\"@id\":\"https:\\\/\\\/fain.es\\\/eu\\\/cookien-politika\\\/\",\"url\":\"https:\\\/\\\/fain.es\\\/eu\\\/cookien-politika\\\/\",\"name\":\"Cookieak - FAIN\",\"isPartOf\":{\"@id\":\"https:\\\/\\\/fain.es\\\/eu\\\/#website\"},\"datePublished\":\"2026-02-05T16:48:41+00:00\",\"dateModified\":\"2026-03-30T11:41:41+00:00\",\"description\":\"Gure webgunean cookieak erabiltzen ditugu zure erabiltzaile esperientzia hobetzeko. Lortu informazio gehiago gure politikari buruz.\",\"breadcrumb\":{\"@id\":\"https:\\\/\\\/fain.es\\\/eu\\\/cookien-politika\\\/#breadcrumb\"},\"inLanguage\":\"eu-ES\",\"potentialAction\":[{\"@type\":\"ReadAction\",\"target\":[\"https:\\\/\\\/fain.es\\\/eu\\\/cookien-politika\\\/\"]}]},{\"@type\":\"BreadcrumbList\",\"@id\":\"https:\\\/\\\/fain.es\\\/eu\\\/cookien-politika\\\/#breadcrumb\",\"itemListElement\":[{\"@type\":\"ListItem\",\"position\":1,\"name\":\"Portada\",\"item\":\"https:\\\/\\\/fain.es\\\/eu\\\/\"},{\"@type\":\"ListItem\",\"position\":2,\"name\":\"Cookieak\"}]},{\"@type\":\"WebSite\",\"@id\":\"https:\\\/\\\/fain.es\\\/eu\\\/#website\",\"url\":\"https:\\\/\\\/fain.es\\\/eu\\\/\",\"name\":\"FAIN\",\"description\":\"\",\"potentialAction\":[{\"@type\":\"SearchAction\",\"target\":{\"@type\":\"EntryPoint\",\"urlTemplate\":\"https:\\\/\\\/fain.es\\\/eu\\\/?s={search_term_string}\"},\"query-input\":{\"@type\":\"PropertyValueSpecification\",\"valueRequired\":true,\"valueName\":\"search_term_string\"}}],\"inLanguage\":\"eu-ES\"}]}<\/script>\n<!-- \/ Yoast SEO plugin. -->","yoast_head_json":{"title":"Cookieak - FAIN","description":"Gure webgunean cookieak erabiltzen ditugu zure erabiltzaile esperientzia hobetzeko. Lortu informazio gehiago gure politikari buruz.","robots":{"index":"index","follow":"follow","max-snippet":"max-snippet:-1","max-image-preview":"max-image-preview:large","max-video-preview":"max-video-preview:-1"},"canonical":"https:\/\/fain.es\/eu\/cookien-politika\/","og_locale":"eu_ES","og_type":"article","og_title":"Cookieak - FAIN","og_description":"Gure webgunean cookieak erabiltzen ditugu zure erabiltzaile esperientzia hobetzeko. Lortu informazio gehiago gure politikari buruz.","og_url":"https:\/\/fain.es\/eu\/cookien-politika\/","og_site_name":"FAIN","article_modified_time":"2026-03-30T11:41:41+00:00","twitter_card":"summary_large_image","twitter_misc":{"Est. reading time":"6 minutes"},"schema":{"@context":"https:\/\/schema.org","@graph":[{"@type":"WebPage","@id":"https:\/\/fain.es\/eu\/cookien-politika\/","url":"https:\/\/fain.es\/eu\/cookien-politika\/","name":"Cookieak - FAIN","isPartOf":{"@id":"https:\/\/fain.es\/eu\/#website"},"datePublished":"2026-02-05T16:48:41+00:00","dateModified":"2026-03-30T11:41:41+00:00","description":"Gure webgunean cookieak erabiltzen ditugu zure erabiltzaile esperientzia hobetzeko. Lortu informazio gehiago gure politikari buruz.","breadcrumb":{"@id":"https:\/\/fain.es\/eu\/cookien-politika\/#breadcrumb"},"inLanguage":"eu-ES","potentialAction":[{"@type":"ReadAction","target":["https:\/\/fain.es\/eu\/cookien-politika\/"]}]},{"@type":"BreadcrumbList","@id":"https:\/\/fain.es\/eu\/cookien-politika\/#breadcrumb","itemListElement":[{"@type":"ListItem","position":1,"name":"Portada","item":"https:\/\/fain.es\/eu\/"},{"@type":"ListItem","position":2,"name":"Cookieak"}]},{"@type":"WebSite","@id":"https:\/\/fain.es\/eu\/#website","url":"https:\/\/fain.es\/eu\/","name":"FAIN","description":"","potentialAction":[{"@type":"SearchAction","target":{"@type":"EntryPoint","urlTemplate":"https:\/\/fain.es\/eu\/?s={search_term_string}"},"query-input":{"@type":"PropertyValueSpecification","valueRequired":true,"valueName":"search_term_string"}}],"inLanguage":"eu-ES"}]}},"_links":{"self":[{"href":"https:\/\/fain.es\/eu\/wp-json\/wp\/v2\/pages\/50044","targetHints":{"allow":["GET"]}}],"collection":[{"href":"https:\/\/fain.es\/eu\/wp-json\/wp\/v2\/pages"}],"about":[{"href":"https:\/\/fain.es\/eu\/wp-json\/wp\/v2\/types\/page"}],"author":[{"embeddable":true,"href":"https:\/\/fain.es\/eu\/wp-json\/wp\/v2\/users\/110141"}],"replies":[{"embeddable":true,"href":"https:\/\/fain.es\/eu\/wp-json\/wp\/v2\/comments?post=50044"}],"version-history":[{"count":5,"href":"https:\/\/fain.es\/eu\/wp-json\/wp\/v2\/pages\/50044\/revisions"}],"predecessor-version":[{"id":52024,"href":"https:\/\/fain.es\/eu\/wp-json\/wp\/v2\/pages\/50044\/revisions\/52024"}],"wp:attachment":[{"href":"https:\/\/fain.es\/eu\/wp-json\/wp\/v2\/media?parent=50044"}],"curies":[{"name":"wp","href":"https:\/\/api.w.org\/{rel}","templated":true}]}}