{"id":49894,"date":"2026-01-22T17:47:29","date_gmt":"2026-01-22T16:47:29","guid":{"rendered":"https:\/\/fain.es\/fain-ascensors\/"},"modified":"2026-04-14T12:51:47","modified_gmt":"2026-04-14T10:51:47","slug":"fain-ascensors","status":"publish","type":"page","link":"https:\/\/fain.es\/ca\/","title":{"rendered":"FAIN Ascensors"},"content":{"rendered":"","protected":false},"excerpt":{"rendered":"","protected":false},"author":110141,"featured_media":0,"parent":0,"menu_order":0,"comment_status":"closed","ping_status":"closed","template":"template-homepage.php","meta":{"_acf_changed":false,"inline_featured_image":false,"footnotes":""},"class_list":["post-49894","page","type-page","status-publish","hentry"],"acf":[],"yoast_head":"<!-- This site is optimized with the Yoast SEO plugin v27.4 - https:\/\/yoast.com\/product\/yoast-seo-wordpress\/ -->\n<title>FAIN Ascensors - Ens adaptem a les teves necessitats<\/title>\n<meta name=\"description\" content=\"Empresa espanyola amb pres\u00e8ncia internacional i l\u00edder del sector amb m\u00e9s de 60 anys d&#039;experi\u00e8ncia en manteniment, assist\u00e8ncia i instal\u00b7laci\u00f3.\" \/>\n<meta name=\"robots\" content=\"index, follow, max-snippet:-1, max-image-preview:large, max-video-preview:-1\" \/>\n<link rel=\"canonical\" href=\"https:\/\/fain.es\/ca\/\" \/>\n<meta property=\"og:locale\" content=\"ca_ES\" \/>\n<meta property=\"og:type\" content=\"article\" \/>\n<meta property=\"og:title\" content=\"FAIN Ascensors - Ens adaptem a les teves necessitats\" \/>\n<meta property=\"og:description\" content=\"Empresa espanyola amb pres\u00e8ncia internacional i l\u00edder del sector amb m\u00e9s de 60 anys d&#039;experi\u00e8ncia en manteniment, assist\u00e8ncia i instal\u00b7laci\u00f3.\" \/>\n<meta property=\"og:url\" content=\"https:\/\/fain.es\/ca\/\" \/>\n<meta property=\"og:site_name\" content=\"FAIN\" \/>\n<meta property=\"article:modified_time\" content=\"2026-04-14T10:51:47+00:00\" \/>\n<meta name=\"twitter:card\" content=\"summary_large_image\" \/>\n<script type=\"application\/ld+json\" class=\"yoast-schema-graph\">{\"@context\":\"https:\\\/\\\/schema.org\",\"@graph\":[{\"@type\":\"WebPage\",\"@id\":\"https:\\\/\\\/fain.es\\\/ca\\\/\",\"url\":\"https:\\\/\\\/fain.es\\\/ca\\\/\",\"name\":\"FAIN Ascensors - Ens adaptem a les teves necessitats\",\"isPartOf\":{\"@id\":\"https:\\\/\\\/fain.es\\\/ca\\\/#website\"},\"datePublished\":\"2026-01-22T16:47:29+00:00\",\"dateModified\":\"2026-04-14T10:51:47+00:00\",\"description\":\"Empresa espanyola amb pres\u00e8ncia internacional i l\u00edder del sector amb m\u00e9s de 60 anys d'experi\u00e8ncia en manteniment, assist\u00e8ncia i instal\u00b7laci\u00f3.\",\"breadcrumb\":{\"@id\":\"https:\\\/\\\/fain.es\\\/ca\\\/#breadcrumb\"},\"inLanguage\":\"ca\",\"potentialAction\":[{\"@type\":\"ReadAction\",\"target\":[\"https:\\\/\\\/fain.es\\\/ca\\\/\"]}]},{\"@type\":\"BreadcrumbList\",\"@id\":\"https:\\\/\\\/fain.es\\\/ca\\\/#breadcrumb\",\"itemListElement\":[{\"@type\":\"ListItem\",\"position\":1,\"name\":\"Portada\",\"item\":\"https:\\\/\\\/fain.es\\\/ca\\\/fain-ascensors\\\/\"},{\"@type\":\"ListItem\",\"position\":2,\"name\":\"FAIN Ascensors\"}]},{\"@type\":\"WebSite\",\"@id\":\"https:\\\/\\\/fain.es\\\/ca\\\/#website\",\"url\":\"https:\\\/\\\/fain.es\\\/ca\\\/\",\"name\":\"FAIN\",\"description\":\"\",\"potentialAction\":[{\"@type\":\"SearchAction\",\"target\":{\"@type\":\"EntryPoint\",\"urlTemplate\":\"https:\\\/\\\/fain.es\\\/ca\\\/?s={search_term_string}\"},\"query-input\":{\"@type\":\"PropertyValueSpecification\",\"valueRequired\":true,\"valueName\":\"search_term_string\"}}],\"inLanguage\":\"ca\"}]}<\/script>\n<!-- \/ Yoast SEO plugin. -->","yoast_head_json":{"title":"FAIN Ascensors - Ens adaptem a les teves necessitats","description":"Empresa espanyola amb pres\u00e8ncia internacional i l\u00edder del sector amb m\u00e9s de 60 anys d'experi\u00e8ncia en manteniment, assist\u00e8ncia i instal\u00b7laci\u00f3.","robots":{"index":"index","follow":"follow","max-snippet":"max-snippet:-1","max-image-preview":"max-image-preview:large","max-video-preview":"max-video-preview:-1"},"canonical":"https:\/\/fain.es\/ca\/","og_locale":"ca_ES","og_type":"article","og_title":"FAIN Ascensors - Ens adaptem a les teves necessitats","og_description":"Empresa espanyola amb pres\u00e8ncia internacional i l\u00edder del sector amb m\u00e9s de 60 anys d'experi\u00e8ncia en manteniment, assist\u00e8ncia i instal\u00b7laci\u00f3.","og_url":"https:\/\/fain.es\/ca\/","og_site_name":"FAIN","article_modified_time":"2026-04-14T10:51:47+00:00","twitter_card":"summary_large_image","schema":{"@context":"https:\/\/schema.org","@graph":[{"@type":"WebPage","@id":"https:\/\/fain.es\/ca\/","url":"https:\/\/fain.es\/ca\/","name":"FAIN Ascensors - Ens adaptem a les teves necessitats","isPartOf":{"@id":"https:\/\/fain.es\/ca\/#website"},"datePublished":"2026-01-22T16:47:29+00:00","dateModified":"2026-04-14T10:51:47+00:00","description":"Empresa espanyola amb pres\u00e8ncia internacional i l\u00edder del sector amb m\u00e9s de 60 anys d'experi\u00e8ncia en manteniment, assist\u00e8ncia i instal\u00b7laci\u00f3.","breadcrumb":{"@id":"https:\/\/fain.es\/ca\/#breadcrumb"},"inLanguage":"ca","potentialAction":[{"@type":"ReadAction","target":["https:\/\/fain.es\/ca\/"]}]},{"@type":"BreadcrumbList","@id":"https:\/\/fain.es\/ca\/#breadcrumb","itemListElement":[{"@type":"ListItem","position":1,"name":"Portada","item":"https:\/\/fain.es\/ca\/fain-ascensors\/"},{"@type":"ListItem","position":2,"name":"FAIN Ascensors"}]},{"@type":"WebSite","@id":"https:\/\/fain.es\/ca\/#website","url":"https:\/\/fain.es\/ca\/","name":"FAIN","description":"","potentialAction":[{"@type":"SearchAction","target":{"@type":"EntryPoint","urlTemplate":"https:\/\/fain.es\/ca\/?s={search_term_string}"},"query-input":{"@type":"PropertyValueSpecification","valueRequired":true,"valueName":"search_term_string"}}],"inLanguage":"ca"}]}},"_links":{"self":[{"href":"https:\/\/fain.es\/ca\/wp-json\/wp\/v2\/pages\/49894","targetHints":{"allow":["GET"]}}],"collection":[{"href":"https:\/\/fain.es\/ca\/wp-json\/wp\/v2\/pages"}],"about":[{"href":"https:\/\/fain.es\/ca\/wp-json\/wp\/v2\/types\/page"}],"author":[{"embeddable":true,"href":"https:\/\/fain.es\/ca\/wp-json\/wp\/v2\/users\/110141"}],"replies":[{"embeddable":true,"href":"https:\/\/fain.es\/ca\/wp-json\/wp\/v2\/comments?post=49894"}],"version-history":[{"count":1,"href":"https:\/\/fain.es\/ca\/wp-json\/wp\/v2\/pages\/49894\/revisions"}],"predecessor-version":[{"id":49895,"href":"https:\/\/fain.es\/ca\/wp-json\/wp\/v2\/pages\/49894\/revisions\/49895"}],"wp:attachment":[{"href":"https:\/\/fain.es\/ca\/wp-json\/wp\/v2\/media?parent=49894"}],"curies":[{"name":"wp","href":"https:\/\/api.w.org\/{rel}","templated":true}]}}