{"id":39122,"date":"2026-01-09T11:08:51","date_gmt":"2026-01-09T10:08:51","guid":{"rendered":"https:\/\/fain.es\/area-tecnica\/"},"modified":"2026-03-20T12:26:26","modified_gmt":"2026-03-20T11:26:26","slug":"area-tecnica","status":"publish","type":"page","link":"https:\/\/fain.es\/ca\/area-tecnica\/","title":{"rendered":"\u00c0REA T\u00c8CNICA"},"content":{"rendered":"","protected":false},"excerpt":{"rendered":"","protected":false},"author":110141,"featured_media":0,"parent":0,"menu_order":0,"comment_status":"closed","ping_status":"closed","template":"template-area-tecnica.php","meta":{"_acf_changed":false,"inline_featured_image":false,"footnotes":""},"class_list":["post-39122","page","type-page","status-publish","hentry"],"acf":[],"yoast_head":"<!-- This site is optimized with the Yoast SEO plugin v27.4 - https:\/\/yoast.com\/product\/yoast-seo-wordpress\/ -->\n<title>Pl\u00e0nols d&#039;ascensors i informaci\u00f3 t\u00e8cnica - FAIN<\/title>\n<meta name=\"description\" content=\"Posem a la vostra disposici\u00f3 la informaci\u00f3 t\u00e8cnica dels nostres ascensors i plataformes, incloent pl\u00e0nols i altres dades d&#039;inter\u00e8s.\" \/>\n<meta name=\"robots\" content=\"index, follow, max-snippet:-1, max-image-preview:large, max-video-preview:-1\" \/>\n<link rel=\"canonical\" href=\"https:\/\/fain.es\/ca\/area-tecnica\/\" \/>\n<meta property=\"og:locale\" content=\"ca_ES\" \/>\n<meta property=\"og:type\" content=\"article\" \/>\n<meta property=\"og:title\" content=\"Pl\u00e0nols d&#039;ascensors i informaci\u00f3 t\u00e8cnica - FAIN\" \/>\n<meta property=\"og:description\" content=\"Posem a la vostra disposici\u00f3 la informaci\u00f3 t\u00e8cnica dels nostres ascensors i plataformes, incloent pl\u00e0nols i altres dades d&#039;inter\u00e8s.\" \/>\n<meta property=\"og:url\" content=\"https:\/\/fain.es\/ca\/area-tecnica\/\" \/>\n<meta property=\"og:site_name\" content=\"FAIN\" \/>\n<meta property=\"article:modified_time\" content=\"2026-03-20T11:26:26+00:00\" \/>\n<meta name=\"twitter:card\" content=\"summary_large_image\" \/>\n<script type=\"application\/ld+json\" class=\"yoast-schema-graph\">{\"@context\":\"https:\\\/\\\/schema.org\",\"@graph\":[{\"@type\":\"WebPage\",\"@id\":\"https:\\\/\\\/fain.es\\\/ca\\\/area-tecnica\\\/\",\"url\":\"https:\\\/\\\/fain.es\\\/ca\\\/area-tecnica\\\/\",\"name\":\"Pl\u00e0nols d'ascensors i informaci\u00f3 t\u00e8cnica - FAIN\",\"isPartOf\":{\"@id\":\"https:\\\/\\\/fain.es\\\/ca\\\/#website\"},\"datePublished\":\"2026-01-09T10:08:51+00:00\",\"dateModified\":\"2026-03-20T11:26:26+00:00\",\"description\":\"Posem a la vostra disposici\u00f3 la informaci\u00f3 t\u00e8cnica dels nostres ascensors i plataformes, incloent pl\u00e0nols i altres dades d'inter\u00e8s.\",\"breadcrumb\":{\"@id\":\"https:\\\/\\\/fain.es\\\/ca\\\/area-tecnica\\\/#breadcrumb\"},\"inLanguage\":\"ca\",\"potentialAction\":[{\"@type\":\"ReadAction\",\"target\":[\"https:\\\/\\\/fain.es\\\/ca\\\/area-tecnica\\\/\"]}]},{\"@type\":\"BreadcrumbList\",\"@id\":\"https:\\\/\\\/fain.es\\\/ca\\\/area-tecnica\\\/#breadcrumb\",\"itemListElement\":[{\"@type\":\"ListItem\",\"position\":1,\"name\":\"Portada\",\"item\":\"https:\\\/\\\/fain.es\\\/ca\\\/fain-ascensors\\\/\"},{\"@type\":\"ListItem\",\"position\":2,\"name\":\"\u00c0REA T\u00c8CNICA\"}]},{\"@type\":\"WebSite\",\"@id\":\"https:\\\/\\\/fain.es\\\/ca\\\/#website\",\"url\":\"https:\\\/\\\/fain.es\\\/ca\\\/\",\"name\":\"FAIN\",\"description\":\"\",\"potentialAction\":[{\"@type\":\"SearchAction\",\"target\":{\"@type\":\"EntryPoint\",\"urlTemplate\":\"https:\\\/\\\/fain.es\\\/ca\\\/?s={search_term_string}\"},\"query-input\":{\"@type\":\"PropertyValueSpecification\",\"valueRequired\":true,\"valueName\":\"search_term_string\"}}],\"inLanguage\":\"ca\"}]}<\/script>\n<!-- \/ Yoast SEO plugin. -->","yoast_head_json":{"title":"Pl\u00e0nols d'ascensors i informaci\u00f3 t\u00e8cnica - FAIN","description":"Posem a la vostra disposici\u00f3 la informaci\u00f3 t\u00e8cnica dels nostres ascensors i plataformes, incloent pl\u00e0nols i altres dades d'inter\u00e8s.","robots":{"index":"index","follow":"follow","max-snippet":"max-snippet:-1","max-image-preview":"max-image-preview:large","max-video-preview":"max-video-preview:-1"},"canonical":"https:\/\/fain.es\/ca\/area-tecnica\/","og_locale":"ca_ES","og_type":"article","og_title":"Pl\u00e0nols d'ascensors i informaci\u00f3 t\u00e8cnica - FAIN","og_description":"Posem a la vostra disposici\u00f3 la informaci\u00f3 t\u00e8cnica dels nostres ascensors i plataformes, incloent pl\u00e0nols i altres dades d'inter\u00e8s.","og_url":"https:\/\/fain.es\/ca\/area-tecnica\/","og_site_name":"FAIN","article_modified_time":"2026-03-20T11:26:26+00:00","twitter_card":"summary_large_image","schema":{"@context":"https:\/\/schema.org","@graph":[{"@type":"WebPage","@id":"https:\/\/fain.es\/ca\/area-tecnica\/","url":"https:\/\/fain.es\/ca\/area-tecnica\/","name":"Pl\u00e0nols d'ascensors i informaci\u00f3 t\u00e8cnica - FAIN","isPartOf":{"@id":"https:\/\/fain.es\/ca\/#website"},"datePublished":"2026-01-09T10:08:51+00:00","dateModified":"2026-03-20T11:26:26+00:00","description":"Posem a la vostra disposici\u00f3 la informaci\u00f3 t\u00e8cnica dels nostres ascensors i plataformes, incloent pl\u00e0nols i altres dades d'inter\u00e8s.","breadcrumb":{"@id":"https:\/\/fain.es\/ca\/area-tecnica\/#breadcrumb"},"inLanguage":"ca","potentialAction":[{"@type":"ReadAction","target":["https:\/\/fain.es\/ca\/area-tecnica\/"]}]},{"@type":"BreadcrumbList","@id":"https:\/\/fain.es\/ca\/area-tecnica\/#breadcrumb","itemListElement":[{"@type":"ListItem","position":1,"name":"Portada","item":"https:\/\/fain.es\/ca\/fain-ascensors\/"},{"@type":"ListItem","position":2,"name":"\u00c0REA T\u00c8CNICA"}]},{"@type":"WebSite","@id":"https:\/\/fain.es\/ca\/#website","url":"https:\/\/fain.es\/ca\/","name":"FAIN","description":"","potentialAction":[{"@type":"SearchAction","target":{"@type":"EntryPoint","urlTemplate":"https:\/\/fain.es\/ca\/?s={search_term_string}"},"query-input":{"@type":"PropertyValueSpecification","valueRequired":true,"valueName":"search_term_string"}}],"inLanguage":"ca"}]}},"_links":{"self":[{"href":"https:\/\/fain.es\/ca\/wp-json\/wp\/v2\/pages\/39122","targetHints":{"allow":["GET"]}}],"collection":[{"href":"https:\/\/fain.es\/ca\/wp-json\/wp\/v2\/pages"}],"about":[{"href":"https:\/\/fain.es\/ca\/wp-json\/wp\/v2\/types\/page"}],"author":[{"embeddable":true,"href":"https:\/\/fain.es\/ca\/wp-json\/wp\/v2\/users\/110141"}],"replies":[{"embeddable":true,"href":"https:\/\/fain.es\/ca\/wp-json\/wp\/v2\/comments?post=39122"}],"version-history":[{"count":1,"href":"https:\/\/fain.es\/ca\/wp-json\/wp\/v2\/pages\/39122\/revisions"}],"predecessor-version":[{"id":39136,"href":"https:\/\/fain.es\/ca\/wp-json\/wp\/v2\/pages\/39122\/revisions\/39136"}],"wp:attachment":[{"href":"https:\/\/fain.es\/ca\/wp-json\/wp\/v2\/media?parent=39122"}],"curies":[{"name":"wp","href":"https:\/\/api.w.org\/{rel}","templated":true}]}}