{"id":39080,"date":"2026-01-09T11:08:54","date_gmt":"2026-01-09T10:08:54","guid":{"rendered":"https:\/\/fain.es\/avis-legal\/"},"modified":"2026-03-20T12:39:26","modified_gmt":"2026-03-20T11:39:26","slug":"avis-legal","status":"publish","type":"page","link":"https:\/\/fain.es\/ca\/avis-legal\/","title":{"rendered":"Av\u00eds Legal"},"content":{"rendered":"\n<p class=\"has-text-align-left\">De conformitat amb el que estableix la Llei 34\/2002, d&#8217;11 de juliol, de serveis de la societat de la informaci\u00f3 i de comer\u00e7 electr\u00f2nic, es facilita la informaci\u00f3 seg\u00fcent:  <\/p>\n\n<ol class=\"wp-block-list\">\n<li><strong>DADES IDENTIFICATIVES<\/strong><\/li>\n<\/ol>\n\n<p>Esteu visitant la p\u00e0gina web <a href=\"http:\/\/www.fainascensores.es\">www.fainascensores.es<\/a> titularitat de FAIN ASCENSORES SA, amb domicili social al c\/ DR. ESQUERD 57 (28007) MADRID, amb NIF A28303485, inscrita al Registre Mercantil de Madrid, Tom 2.923 General 2.238, Secci\u00f3 3a de societats, foli 121, full 20.464, inscripci\u00f3 1a, d&#8217;ara endavant EL TITULAR. d&#8217;ara endavant, el <strong>TITULAR<\/strong> .<\/p>\n\n<p>Podeu contactar amb el Titular per qualsevol dels mitjans seg\u00fcents:<\/p>\n\n<p><strong>Tel\u00e8fon:<\/strong> 914093101<\/p>\n\n<p><strong>Correu electr\u00f2nic de contacte:<\/strong> lopd@fainascensores.com<\/p>\n\n<ol class=\"wp-block-list\" start=\"2\">\n<li><strong>USUARIS<\/strong><\/li>\n<\/ol>\n\n<p>Mitjan\u00e7ant aquest document posem en el vostre coneixement els termes i condicions que regulen l&#8217;\u00fas del lloc web i\/o app del Titular, aix\u00ed com dels serveis i continguts associats. Aquest \u00fas implica ladquisici\u00f3 de la condici\u00f3 dusuari i, amb aquesta condici\u00f3, una s\u00e8rie de drets i obligacions. <\/p>\n\n<p><strong>Als efectes anteriorment descrits, us informem que \u00e9s de la vostra responsabilitat accedir a les condicions legals inserides en aquesta web, aix\u00ed com, a les pol\u00edtiques de privadesa, galetes o, si escau, condicions de venda<\/strong> <strong>i llegir-les detingudament<\/strong> <strong>.<\/strong> Recomanem:<\/p>\n\n<ol class=\"wp-block-list\" style=\"list-style-type:lower-alpha\">\n<li><strong>Que visiti les mateixes cada vegada que pretengui accedir o utilitzar els serveis i continguts del lloc i  <\/strong><\/li>\n\n\n\n<li><strong>Que imprimiu o emmagatzemi en el vostre sistema una c\u00f2pia.<\/strong><\/li>\n<\/ol>\n\n<ol class=\"wp-block-list\" start=\"3\">\n<li><strong>\u00daS DEL PORTAL<\/strong><\/li>\n<\/ol>\n\n<p>Aquest web proporciona l&#8217;acc\u00e9s a multitud d&#8217;informaci\u00f3, serveis, programes o dades (d&#8217;ara endavant, \u201cels continguts\u201d) a Internet pertanyents al Titular o als seus llicenciants als quals l&#8217;usuari pot tenir acc\u00e9s.<\/p>\n\n<p>L&#8217;Usuari assumeix la responsabilitat de l&#8217;\u00fas del portal en els termes que mitjan\u00e7ant aquesta s&#8217;estableixen. Aquesta responsabilitat s&#8217;est\u00e9n al registre necessari per accedir a determinats serveis o continguts. En aquest registre, l&#8217;usuari ser\u00e0 responsable d&#8217;aportar informaci\u00f3 vera\u00e7 i l\u00edcita. Com a conseq\u00fc\u00e8ncia d&#8217;aquest registre, a l&#8217;Usuari se li pot proporcionar una contrasenya de la qual ser\u00e0 tamb\u00e9 responsable, comprometent-se a fer-ne un \u00fas diligent i confidencial.   <\/p>\n\n<p><strong>L&#8217;Usuari es compromet a fer un \u00fas adequat dels continguts i serveis<\/strong> (per exemple, serveis de xat, f\u00f2rums de discussi\u00f3 o grups de not\u00edcies) que el Titular ofereix a trav\u00e9s del seu portal i, amb car\u00e0cter enunciatiu per\u00f2 no limitatiu, <strong>a no emprar-los per a<\/strong> :<\/p>\n\n<ul class=\"wp-block-list\">\n<li>Inc\u00f3rrer en activitats il\u00b7l\u00edcites, il\u00b7legals o contr\u00e0ries a la bona fe i l&#8217;ordre p\u00fablic.  <\/li>\n\n\n\n<li>Difondre continguts o propaganda racista, xen\u00f2foba, pornogr\u00e0fic-il\u00b7legal, d&#8217;apologia del terrorisme o atemptat\u00f2ria contra els drets humans.  <\/li>\n\n\n\n<li>Provocar danys als sistemes f\u00edsics i l\u00f2gics del Titular, dels seus prove\u00efdors o de terceres persones, introduir o difondre a la xarxa virus inform\u00e0tics o qualssevol altres sistemes f\u00edsics o l\u00f2gics que siguin susceptibles de provocar els danys anteriorment esmentats.<\/li>\n\n\n\n<li>Intentar accedir i, si escau, utilitzar els comptes de correu electr\u00f2nic daltres usuaris i modificar o manipular els seus missatges.<\/li>\n\n\n\n<li>Utilitzar el lloc web ni les informacions que s&#8217;hi contenen amb finalitats comercials, pol\u00edtiques, publicit\u00e0ries i per a qualsevol \u00fas comercial, sobretot en l&#8217;enviament de correus electr\u00f2nics no sol\u00b7licitats.  <\/li>\n<\/ul>\n\n<p>El Titular es reserva el dret a retirar tots aquells comentaris i aportacions que vulnerin el respecte a la dignitat de la persona, que siguin discriminatoris, xen\u00f2fobs, racistes, pornogr\u00e0fics, que atemptin contra la joventut o la inf\u00e0ncia, l&#8217;ordre o la seguretat p\u00fablica o que, a parer seu, no resultaran adequats per a la seva publicaci\u00f3.  <strong>En qualsevol cas, el Titular no ser\u00e0 responsable de les opinions abocades pels usuaris a trav\u00e9s dels f\u00f2rums, xats o altres eines de participaci\u00f3.<\/strong><\/p>\n\n<ol class=\"wp-block-list\" start=\"4\">\n<li><strong>PROTECCI\u00d3 DE DADES<\/strong><\/li>\n<\/ol>\n\n<p>Tot all\u00f2 relatiu al tractament de les vostres dades personals es troba recollit a la <a href=\"https:\/\/fain.es\/ca\/politica-de-privadesa\/\">Pol\u00edtica de privadesa<\/a> .<\/p>\n\n<ol class=\"wp-block-list\" start=\"5\">\n<li><strong>CONTINGUTS. PROPIETAT INTEL\u00b7LECTUAL I INDUSTRIAL <\/strong><\/li>\n<\/ol>\n\n<p>El Titular \u00e9s propietari de tots els drets de propietat intel\u00b7lectual i industrial de la seva p\u00e0gina web, aix\u00ed com dels elements continguts en aquesta (a t\u00edtol enunciatiu: imatges, fotografies, so, \u00e0udio, v\u00eddeo, programari o textos, marques o logotips, combinacions de colors, estructura i disseny, selecci\u00f3 de materials usats, programes d&#8217;ordinador necessaris per al seu funcionament, acc\u00e9s i \u00fas, etc.), titular<\/p>\n\n<p><strong>Tots els drets reservats.<\/strong> En virtut del que disposen els articles 8 i 32.1, par\u00e0graf segon, de la Llei de propietat intel\u00b7lectual, <strong>queden expressament prohibides la reproducci\u00f3, la distribuci\u00f3 i la comunicaci\u00f3 p\u00fablica, inclosa la seva modalitat de posada a disposici\u00f3, de la totalitat o part dels continguts d&#8217;aquesta p\u00e0gina web, amb fins comercials, en qualsevol suport i per qualsevol mitj\u00e0 t\u00e8cnic, sense l&#8217;autoritzaci\u00f3 del titular.<\/strong><\/p>\n\n<ol class=\"wp-block-list\" start=\"6\">\n<li><strong>EXCLUSI\u00d3 DE GARANTIES I RESPONSABILITAT<\/strong><\/li>\n<\/ol>\n\n<p>L&#8217;Usuari reconeix que la utilitzaci\u00f3 de la p\u00e0gina web i dels seus continguts i serveis es desenvolupa sota la seva responsabilitat exclusiva. En concret, a t\u00edtol merament enunciatiu, el Titular no assumeix cap responsabilitat en els \u00e0mbits seg\u00fcents: <\/p>\n\n<ul class=\"wp-block-list\">\n<li>La disponibilitat del funcionament de la p\u00e0gina web, els serveis i continguts i la qualitat o interoperabilitat.<\/li>\n\n\n\n<li>La finalitat per a la qual la p\u00e0gina web serveixi als objectius de l&#8217;usuari.<\/li>\n\n\n\n<li>La infracci\u00f3 de la legislaci\u00f3 vigent per part de l&#8217;usuari o tercers i, en concret, dels drets de propietat intel\u00b7lectual i industrial que siguin titularitat d&#8217;altres persones o entitats.<\/li>\n\n\n\n<li>L&#8217;exist\u00e8ncia de codis maliciosos o qualsevol altre element inform\u00e0tic nociu que pogu\u00e9s causar el sistema inform\u00e0tic de l&#8217;usuari o de tercers. L&#8217;entitat pren mesures per protegir el lloc web davant de ciberatacs. Aix\u00f2 no obstant, no pot garantir que no es produeixin accessos no autoritzats per part de tercers. Per aix\u00f2, correspon a l&#8217;usuari disposar d&#8217;eines adequades per a la detecci\u00f3 i la desinfecci\u00f3 d&#8217;aquests elements.   <\/li>\n\n\n\n<li>L&#8217;acc\u00e9s fraudulent als continguts o serveis per tercers no autoritzats o, si s&#8217;escau, la captura, l&#8217;eliminaci\u00f3, l&#8217;alteraci\u00f3, la modificaci\u00f3 o la manipulaci\u00f3 dels missatges i les comunicacions de qualsevol classe que aquests tercers pugui realitzar.<\/li>\n\n\n\n<li>Els danys produ\u00efts a equips inform\u00e0tics durant l&#8217;acc\u00e9s a la p\u00e0gina web i els danys produ\u00efts als usuaris quan tinguin l&#8217;origen en fallades o desconnexions a les xarxes de telecomunicacions que interrompin el servei.<\/li>\n\n\n\n<li>Els danys o perjudicis que es derivin de circumst\u00e0ncies esdevingudes per cas fortu\u00eft o for\u00e7a major.<\/li>\n<\/ul>\n\n<p>En cas que hi hagi f\u00f2rums, l&#8217;\u00fas dels mateixos o altres espais an\u00e0legs, cal tenir en compte que els missatges reflecteixen \u00fanicament l&#8217;opini\u00f3 de l&#8217;Usuari que els remet, i aquest \u00e9s l&#8217;\u00fanic responsable dels mateixos. En conseq\u00fc\u00e8ncia, el titular no es fa responsable del contingut dels missatges enviats per l&#8217;usuari.   <\/p>\n\n<ol class=\"wp-block-list\" start=\"7\">\n<li><strong>MODIFICACI\u00d3 D&#8217;AQUEST AV\u00cdS LEGAL I DURADA<\/strong><\/li>\n<\/ol>\n\n<p>El Titular es reserva el dret d&#8217;efectuar sense previ av\u00eds les modificacions que consideri oportunes al seu portal, podent canviar, suprimir o afegir tants continguts i serveis que es prestin a trav\u00e9s d&#8217;aquesta, com la forma com aquests apareguin representats o localitzats al seu portal.<\/p>\n\n<p>La vig\u00e8ncia de les condicions esmentades anir\u00e0 en funci\u00f3 de la seva exposici\u00f3 i estaran vigents fins que siguin modificades per altres degudament publicades.<\/p>\n\n<ol class=\"wp-block-list\" start=\"8\">\n<li><strong>ENLLA\u00c7OS<\/strong><\/li>\n<\/ol>\n\n<p>En el cas que a <a href=\"http:\/\/www.fainascensores.es\">www.fainascensores.es<\/a> s&#8217;incloguessin enlla\u00e7os o hipervincles cap a altres llocs d&#8217;Internet, el Titular no exercir\u00e0 cap tipus de control sobre aquests llocs i continguts ni assumir\u00e0 cap responsabilitat pels continguts d&#8217;algun enlla\u00e7 pertanyent a un lloc web ali\u00e8, ni garantir\u00e0 la disponibilitat t\u00e8cnica, qualitat, fiabilitat, exactitud, amplitud, v\u00e0lua o informaci\u00f3. aquests hipervincles i altres llocs a Internet. Igualment, la inclusi\u00f3 d&#8217;aquestes connexions externes no implicar\u00e0 cap mena d&#8217;associaci\u00f3, fusi\u00f3 o participaci\u00f3 amb les entitats connectades. No obstant aix\u00f2, si FAIN ASCENSORES SA tingu\u00e9s coneixement efectiu que l&#8217;activitat o la informaci\u00f3 a qu\u00e8 es remet o recomana \u00e9s il\u00b7l\u00edcita, o que lesiona b\u00e9ns o drets d&#8217;un tercer susceptibles d&#8217;indemnitzaci\u00f3, se suprimiran aquestes dades o s&#8217;inutilitzar\u00e0 l&#8217;enlla\u00e7 corresponent.  <\/p>\n\n<ol class=\"wp-block-list\" start=\"9\">\n<li><strong>DRETS D&#8217;EXCLUSI\u00d3<\/strong><\/li>\n<\/ol>\n\n<p>El Titular es reserva el dret a denegar o retirar l&#8217;acc\u00e9s al portal i\/o als serveis oferts sense necessitat d&#8217;advertiment previ, a inst\u00e0ncia pr\u00f2pia o d&#8217;un tercer, a aquells usuaris que incompleixin el contingut d&#8217;aquest av\u00eds legal.<\/p>\n\n<ol class=\"wp-block-list\" start=\"10\">\n<li><strong>GENERALITATS<\/strong><\/li>\n<\/ol>\n\n<p>El Titular perseguir\u00e0 l&#8217;incompliment de les presents condicions aix\u00ed com qualsevol utilitzaci\u00f3 indeguda del portal exercint totes les accions civils i penals que li puguin correspondre en dret.<\/p>\n\n<ol class=\"wp-block-list\" start=\"11\">\n<li><strong>LEGISLACI\u00d3 APLICABLE I JURISDICCI\u00d3<\/strong><\/li>\n<\/ol>\n\n<p>La relaci\u00f3 entre el titular i l&#8217;usuari es regir\u00e0 per la normativa espanyola vigent. Totes les disputes i reclamacions derivades d&#8217;aquest av\u00eds legal les resoldran els jutjats i els tribunals espanyols del consumidor i usuari que resultin competents. <\/p>\n\n<ol class=\"wp-block-list\" start=\"12\">\n<li><strong>MENORS D&#8217;EDAT<\/strong><\/li>\n<\/ol>\n\n<p>Aquesta web dirigeix \u200b\u200bels seus serveis a usuaris de m\u00e9s de 18 anys. Els menors d&#8217;aquesta edat no estan autoritzats a utilitzar els nostres serveis i, per tant, no ens han d&#8217;enviar les dades personals. Informem que si es d\u00f3na aquesta circumst\u00e0ncia, el Titular no es fa responsable de les possibles conseq\u00fc\u00e8ncies que es puguin derivar de l&#8217;incompliment de l&#8217;av\u00eds que s&#8217;estableix en aquesta mateixa cl\u00e0usula.  <\/p>\n\n<ol class=\"wp-block-list\" start=\"13\">\n<li><strong>MESURES DE SEGURETAT &#8211; SSL<\/strong><\/li>\n<\/ol>\n\n<p>El Titular ha contractat per al vostre lloc web un certificat <strong>SSL<\/strong> (\u00ab <em>Secure Sockets Layer\u00bb).<\/em> Aquest certificat SSL permet protegir tota la informaci\u00f3 personal i confidencial que es pugui manejar en un lloc web, independentment de la informaci\u00f3 que s&#8217;estigui transmetent, com ara des de qualsevol dels formularis de contacte del lloc web fins al servidor o les dades introdu\u00efdes per a la subscripci\u00f3 de butlletins de not\u00edcies, accessos a les \u00e0rees protegides, etc.<\/p>\n\n<p>L&#8217;adre\u00e7a del lloc web apareixer\u00e0 de color verd, activant-se el protocol \u201chttps\u201d que permet connexions segures des d&#8217;un servidor web al navegador de l&#8217;usuari.<\/p>\n\n<p>\u00daltima revisi\u00f3 26 de Maig de 2023<\/p>\n","protected":false},"excerpt":{"rendered":"<p>De conformitat amb el que estableix la Llei 34\/2002, d&#8217;11 de juliol, de serveis de la societat de la informaci\u00f3 i de comer\u00e7 electr\u00f2nic, es facilita la informaci\u00f3 seg\u00fcent: Esteu visitant la p\u00e0gina web www.fainascensores.es titularitat de FAIN ASCENSORES SA, amb domicili social al c\/ DR. ESQUERD 57 (28007) MADRID, amb NIF A28303485, inscrita al [&hellip;]<\/p>\n","protected":false},"author":110141,"featured_media":0,"parent":0,"menu_order":0,"comment_status":"closed","ping_status":"closed","template":"template-legales.php","meta":{"_acf_changed":false,"inline_featured_image":false,"footnotes":""},"class_list":["post-39080","page","type-page","status-publish","hentry"],"acf":[],"yoast_head":"<!-- This site is optimized with the Yoast SEO plugin v27.4 - https:\/\/yoast.com\/product\/yoast-seo-wordpress\/ -->\n<title>Av\u00eds Legal sobre la p\u00e0gina web de FAIN<\/title>\n<meta name=\"description\" content=\"En compliment amb el deure informaci\u00f3 de l&#039;article 10 de la Llei 34\/2002, d&#039;11 de juliol, a continuaci\u00f3 es reflecteixen les dades seg\u00fcents.\" \/>\n<meta name=\"robots\" content=\"index, follow, max-snippet:-1, max-image-preview:large, max-video-preview:-1\" \/>\n<link rel=\"canonical\" href=\"https:\/\/fain.es\/ca\/avis-legal\/\" \/>\n<meta property=\"og:locale\" content=\"ca_ES\" \/>\n<meta property=\"og:type\" content=\"article\" \/>\n<meta property=\"og:title\" content=\"Av\u00eds Legal sobre la p\u00e0gina web de FAIN\" \/>\n<meta property=\"og:description\" content=\"En compliment amb el deure informaci\u00f3 de l&#039;article 10 de la Llei 34\/2002, d&#039;11 de juliol, a continuaci\u00f3 es reflecteixen les dades seg\u00fcents.\" \/>\n<meta property=\"og:url\" content=\"https:\/\/fain.es\/ca\/avis-legal\/\" \/>\n<meta property=\"og:site_name\" content=\"FAIN\" \/>\n<meta property=\"article:modified_time\" content=\"2026-03-20T11:39:26+00:00\" \/>\n<meta name=\"twitter:card\" content=\"summary_large_image\" \/>\n<meta name=\"twitter:label1\" content=\"Temps estimat de lectura\" \/>\n\t<meta name=\"twitter:data1\" content=\"8 minuts\" \/>\n<script type=\"application\/ld+json\" class=\"yoast-schema-graph\">{\"@context\":\"https:\\\/\\\/schema.org\",\"@graph\":[{\"@type\":\"WebPage\",\"@id\":\"https:\\\/\\\/fain.es\\\/ca\\\/avis-legal\\\/\",\"url\":\"https:\\\/\\\/fain.es\\\/ca\\\/avis-legal\\\/\",\"name\":\"Av\u00eds Legal sobre la p\u00e0gina web de FAIN\",\"isPartOf\":{\"@id\":\"https:\\\/\\\/fain.es\\\/ca\\\/#website\"},\"datePublished\":\"2026-01-09T10:08:54+00:00\",\"dateModified\":\"2026-03-20T11:39:26+00:00\",\"description\":\"En compliment amb el deure informaci\u00f3 de l'article 10 de la Llei 34\\\/2002, d'11 de juliol, a continuaci\u00f3 es reflecteixen les dades seg\u00fcents.\",\"breadcrumb\":{\"@id\":\"https:\\\/\\\/fain.es\\\/ca\\\/avis-legal\\\/#breadcrumb\"},\"inLanguage\":\"ca\",\"potentialAction\":[{\"@type\":\"ReadAction\",\"target\":[\"https:\\\/\\\/fain.es\\\/ca\\\/avis-legal\\\/\"]}]},{\"@type\":\"BreadcrumbList\",\"@id\":\"https:\\\/\\\/fain.es\\\/ca\\\/avis-legal\\\/#breadcrumb\",\"itemListElement\":[{\"@type\":\"ListItem\",\"position\":1,\"name\":\"Portada\",\"item\":\"https:\\\/\\\/fain.es\\\/ca\\\/fain-ascensors\\\/\"},{\"@type\":\"ListItem\",\"position\":2,\"name\":\"Av\u00eds Legal\"}]},{\"@type\":\"WebSite\",\"@id\":\"https:\\\/\\\/fain.es\\\/ca\\\/#website\",\"url\":\"https:\\\/\\\/fain.es\\\/ca\\\/\",\"name\":\"FAIN\",\"description\":\"\",\"potentialAction\":[{\"@type\":\"SearchAction\",\"target\":{\"@type\":\"EntryPoint\",\"urlTemplate\":\"https:\\\/\\\/fain.es\\\/ca\\\/?s={search_term_string}\"},\"query-input\":{\"@type\":\"PropertyValueSpecification\",\"valueRequired\":true,\"valueName\":\"search_term_string\"}}],\"inLanguage\":\"ca\"}]}<\/script>\n<!-- \/ Yoast SEO plugin. -->","yoast_head_json":{"title":"Av\u00eds Legal sobre la p\u00e0gina web de FAIN","description":"En compliment amb el deure informaci\u00f3 de l'article 10 de la Llei 34\/2002, d'11 de juliol, a continuaci\u00f3 es reflecteixen les dades seg\u00fcents.","robots":{"index":"index","follow":"follow","max-snippet":"max-snippet:-1","max-image-preview":"max-image-preview:large","max-video-preview":"max-video-preview:-1"},"canonical":"https:\/\/fain.es\/ca\/avis-legal\/","og_locale":"ca_ES","og_type":"article","og_title":"Av\u00eds Legal sobre la p\u00e0gina web de FAIN","og_description":"En compliment amb el deure informaci\u00f3 de l'article 10 de la Llei 34\/2002, d'11 de juliol, a continuaci\u00f3 es reflecteixen les dades seg\u00fcents.","og_url":"https:\/\/fain.es\/ca\/avis-legal\/","og_site_name":"FAIN","article_modified_time":"2026-03-20T11:39:26+00:00","twitter_card":"summary_large_image","twitter_misc":{"Temps estimat de lectura":"8 minuts"},"schema":{"@context":"https:\/\/schema.org","@graph":[{"@type":"WebPage","@id":"https:\/\/fain.es\/ca\/avis-legal\/","url":"https:\/\/fain.es\/ca\/avis-legal\/","name":"Av\u00eds Legal sobre la p\u00e0gina web de FAIN","isPartOf":{"@id":"https:\/\/fain.es\/ca\/#website"},"datePublished":"2026-01-09T10:08:54+00:00","dateModified":"2026-03-20T11:39:26+00:00","description":"En compliment amb el deure informaci\u00f3 de l'article 10 de la Llei 34\/2002, d'11 de juliol, a continuaci\u00f3 es reflecteixen les dades seg\u00fcents.","breadcrumb":{"@id":"https:\/\/fain.es\/ca\/avis-legal\/#breadcrumb"},"inLanguage":"ca","potentialAction":[{"@type":"ReadAction","target":["https:\/\/fain.es\/ca\/avis-legal\/"]}]},{"@type":"BreadcrumbList","@id":"https:\/\/fain.es\/ca\/avis-legal\/#breadcrumb","itemListElement":[{"@type":"ListItem","position":1,"name":"Portada","item":"https:\/\/fain.es\/ca\/fain-ascensors\/"},{"@type":"ListItem","position":2,"name":"Av\u00eds Legal"}]},{"@type":"WebSite","@id":"https:\/\/fain.es\/ca\/#website","url":"https:\/\/fain.es\/ca\/","name":"FAIN","description":"","potentialAction":[{"@type":"SearchAction","target":{"@type":"EntryPoint","urlTemplate":"https:\/\/fain.es\/ca\/?s={search_term_string}"},"query-input":{"@type":"PropertyValueSpecification","valueRequired":true,"valueName":"search_term_string"}}],"inLanguage":"ca"}]}},"_links":{"self":[{"href":"https:\/\/fain.es\/ca\/wp-json\/wp\/v2\/pages\/39080","targetHints":{"allow":["GET"]}}],"collection":[{"href":"https:\/\/fain.es\/ca\/wp-json\/wp\/v2\/pages"}],"about":[{"href":"https:\/\/fain.es\/ca\/wp-json\/wp\/v2\/types\/page"}],"author":[{"embeddable":true,"href":"https:\/\/fain.es\/ca\/wp-json\/wp\/v2\/users\/110141"}],"replies":[{"embeddable":true,"href":"https:\/\/fain.es\/ca\/wp-json\/wp\/v2\/comments?post=39080"}],"version-history":[{"count":5,"href":"https:\/\/fain.es\/ca\/wp-json\/wp\/v2\/pages\/39080\/revisions"}],"predecessor-version":[{"id":50859,"href":"https:\/\/fain.es\/ca\/wp-json\/wp\/v2\/pages\/39080\/revisions\/50859"}],"wp:attachment":[{"href":"https:\/\/fain.es\/ca\/wp-json\/wp\/v2\/media?parent=39080"}],"curies":[{"name":"wp","href":"https:\/\/api.w.org\/{rel}","templated":true}]}}