{"id":39053,"date":"2026-01-09T11:09:10","date_gmt":"2026-01-09T10:09:10","guid":{"rendered":"https:\/\/fain.es\/obres\/"},"modified":"2026-03-20T12:27:32","modified_gmt":"2026-03-20T11:27:32","slug":"obres","status":"publish","type":"page","link":"https:\/\/fain.es\/ca\/obres\/","title":{"rendered":"OBRES"},"content":{"rendered":"\n<p>Segur que ja has muntat a un ascensor de FAIN o has pujat a unes escales mec\u00e0niques instal\u00b7lades per nosaltres.<\/p>\n\n<p>Hem treballat a tot Espanya ia diferents tipus d&#8217;edificis. Pots trobar els nostres equips a m\u00faltiples edificis emblem\u00e0tics: museus, universitats, hospitals, aeroports, estacions, etc., i volem ensenyar-te algunes de les nostres obres m\u00e9s importants. <\/p>\n\n<p>Vols descobrir a quants ascensors de FAIN ja has viatjat?<\/p>\n\n<figure class=\"wp-block-embed aligncenter is-type-video is-provider-youtube wp-block-embed-youtube wp-embed-aspect-16-9 wp-has-aspect-ratio\"><div class=\"wp-block-embed__wrapper\">\n<iframe loading=\"lazy\" title=\"Obras emblem\u00e1ticas y proyectos de FAIN Ascensores #FAIN\" width=\"500\" height=\"281\" src=\"https:\/\/www.youtube.com\/embed\/tet7PuamP6k?feature=oembed\" frameborder=\"0\" allow=\"accelerometer; autoplay; clipboard-write; encrypted-media; gyroscope; picture-in-picture; web-share\" referrerpolicy=\"strict-origin-when-cross-origin\" allowfullscreen><\/iframe>\n<\/div><\/figure>\n","protected":false},"excerpt":{"rendered":"<p>Segur que ja has muntat a un ascensor de FAIN o has pujat a unes escales mec\u00e0niques instal\u00b7lades per nosaltres. Hem treballat a tot Espanya ia diferents tipus d&#8217;edificis. Pots trobar els nostres equips a m\u00faltiples edificis emblem\u00e0tics: museus, universitats, hospitals, aeroports, estacions, etc., i volem ensenyar-te algunes de les nostres obres m\u00e9s importants. Vols [&hellip;]<\/p>\n","protected":false},"author":110141,"featured_media":39055,"parent":0,"menu_order":0,"comment_status":"closed","ping_status":"closed","template":"template-obras.php","meta":{"_acf_changed":false,"inline_featured_image":false,"footnotes":""},"class_list":["post-39053","page","type-page","status-publish","has-post-thumbnail","hentry"],"acf":[],"yoast_head":"<!-- This site is optimized with the Yoast SEO plugin v27.4 - https:\/\/yoast.com\/product\/yoast-seo-wordpress\/ -->\n<title>Obres i Projectes de FAIN Ascensors<\/title>\n<meta name=\"description\" content=\"A FAIN realitzem obres, manteniment, modernitzaci\u00f3 i reparaci\u00f3 d&#039;ascensors. Els nostres equips s&#039;encarreguen de tot.\" \/>\n<meta name=\"robots\" content=\"index, follow, max-snippet:-1, max-image-preview:large, max-video-preview:-1\" \/>\n<link rel=\"canonical\" href=\"https:\/\/fain.es\/ca\/obres\/\" \/>\n<meta property=\"og:locale\" content=\"ca_ES\" \/>\n<meta property=\"og:type\" content=\"article\" \/>\n<meta property=\"og:title\" content=\"Obres i Projectes de FAIN Ascensors\" \/>\n<meta property=\"og:description\" content=\"A FAIN realitzem obres, manteniment, modernitzaci\u00f3 i reparaci\u00f3 d&#039;ascensors. Els nostres equips s&#039;encarreguen de tot.\" \/>\n<meta property=\"og:url\" content=\"https:\/\/fain.es\/ca\/obres\/\" \/>\n<meta property=\"og:site_name\" content=\"FAIN\" \/>\n<meta property=\"article:modified_time\" content=\"2026-03-20T11:27:32+00:00\" \/>\n<meta property=\"og:image\" content=\"https:\/\/fain.es\/wp-content\/uploads\/2020\/08\/obras-banner-background.jpg\" \/>\n\t<meta property=\"og:image:width\" content=\"1200\" \/>\n\t<meta property=\"og:image:height\" content=\"621\" \/>\n\t<meta property=\"og:image:type\" content=\"image\/jpeg\" \/>\n<meta name=\"twitter:card\" content=\"summary_large_image\" \/>\n<script type=\"application\/ld+json\" class=\"yoast-schema-graph\">{\"@context\":\"https:\\\/\\\/schema.org\",\"@graph\":[{\"@type\":\"WebPage\",\"@id\":\"https:\\\/\\\/fain.es\\\/ca\\\/obres\\\/\",\"url\":\"https:\\\/\\\/fain.es\\\/ca\\\/obres\\\/\",\"name\":\"Obres i Projectes de FAIN Ascensors\",\"isPartOf\":{\"@id\":\"https:\\\/\\\/fain.es\\\/ca\\\/#website\"},\"primaryImageOfPage\":{\"@id\":\"https:\\\/\\\/fain.es\\\/ca\\\/obres\\\/#primaryimage\"},\"image\":{\"@id\":\"https:\\\/\\\/fain.es\\\/ca\\\/obres\\\/#primaryimage\"},\"thumbnailUrl\":\"https:\\\/\\\/fain.es\\\/wp-content\\\/uploads\\\/2020\\\/08\\\/obras-banner-background.jpg\",\"datePublished\":\"2026-01-09T10:09:10+00:00\",\"dateModified\":\"2026-03-20T11:27:32+00:00\",\"description\":\"A FAIN realitzem obres, manteniment, modernitzaci\u00f3 i reparaci\u00f3 d'ascensors. Els nostres equips s'encarreguen de tot.\",\"breadcrumb\":{\"@id\":\"https:\\\/\\\/fain.es\\\/ca\\\/obres\\\/#breadcrumb\"},\"inLanguage\":\"ca\",\"potentialAction\":[{\"@type\":\"ReadAction\",\"target\":[\"https:\\\/\\\/fain.es\\\/ca\\\/obres\\\/\"]}]},{\"@type\":\"ImageObject\",\"inLanguage\":\"ca\",\"@id\":\"https:\\\/\\\/fain.es\\\/ca\\\/obres\\\/#primaryimage\",\"url\":\"https:\\\/\\\/fain.es\\\/wp-content\\\/uploads\\\/2020\\\/08\\\/obras-banner-background.jpg\",\"contentUrl\":\"https:\\\/\\\/fain.es\\\/wp-content\\\/uploads\\\/2020\\\/08\\\/obras-banner-background.jpg\",\"width\":1200,\"height\":621,\"caption\":\"Espai modern a l'interior de les oficines de Desigual.\"},{\"@type\":\"BreadcrumbList\",\"@id\":\"https:\\\/\\\/fain.es\\\/ca\\\/obres\\\/#breadcrumb\",\"itemListElement\":[{\"@type\":\"ListItem\",\"position\":1,\"name\":\"Portada\",\"item\":\"https:\\\/\\\/fain.es\\\/ca\\\/fain-ascensors\\\/\"},{\"@type\":\"ListItem\",\"position\":2,\"name\":\"OBRES\"}]},{\"@type\":\"WebSite\",\"@id\":\"https:\\\/\\\/fain.es\\\/ca\\\/#website\",\"url\":\"https:\\\/\\\/fain.es\\\/ca\\\/\",\"name\":\"FAIN\",\"description\":\"\",\"potentialAction\":[{\"@type\":\"SearchAction\",\"target\":{\"@type\":\"EntryPoint\",\"urlTemplate\":\"https:\\\/\\\/fain.es\\\/ca\\\/?s={search_term_string}\"},\"query-input\":{\"@type\":\"PropertyValueSpecification\",\"valueRequired\":true,\"valueName\":\"search_term_string\"}}],\"inLanguage\":\"ca\"}]}<\/script>\n<!-- \/ Yoast SEO plugin. -->","yoast_head_json":{"title":"Obres i Projectes de FAIN Ascensors","description":"A FAIN realitzem obres, manteniment, modernitzaci\u00f3 i reparaci\u00f3 d'ascensors. Els nostres equips s'encarreguen de tot.","robots":{"index":"index","follow":"follow","max-snippet":"max-snippet:-1","max-image-preview":"max-image-preview:large","max-video-preview":"max-video-preview:-1"},"canonical":"https:\/\/fain.es\/ca\/obres\/","og_locale":"ca_ES","og_type":"article","og_title":"Obres i Projectes de FAIN Ascensors","og_description":"A FAIN realitzem obres, manteniment, modernitzaci\u00f3 i reparaci\u00f3 d'ascensors. Els nostres equips s'encarreguen de tot.","og_url":"https:\/\/fain.es\/ca\/obres\/","og_site_name":"FAIN","article_modified_time":"2026-03-20T11:27:32+00:00","og_image":[{"width":1200,"height":621,"url":"https:\/\/fain.es\/wp-content\/uploads\/2020\/08\/obras-banner-background.jpg","type":"image\/jpeg"}],"twitter_card":"summary_large_image","schema":{"@context":"https:\/\/schema.org","@graph":[{"@type":"WebPage","@id":"https:\/\/fain.es\/ca\/obres\/","url":"https:\/\/fain.es\/ca\/obres\/","name":"Obres i Projectes de FAIN Ascensors","isPartOf":{"@id":"https:\/\/fain.es\/ca\/#website"},"primaryImageOfPage":{"@id":"https:\/\/fain.es\/ca\/obres\/#primaryimage"},"image":{"@id":"https:\/\/fain.es\/ca\/obres\/#primaryimage"},"thumbnailUrl":"https:\/\/fain.es\/wp-content\/uploads\/2020\/08\/obras-banner-background.jpg","datePublished":"2026-01-09T10:09:10+00:00","dateModified":"2026-03-20T11:27:32+00:00","description":"A FAIN realitzem obres, manteniment, modernitzaci\u00f3 i reparaci\u00f3 d'ascensors. Els nostres equips s'encarreguen de tot.","breadcrumb":{"@id":"https:\/\/fain.es\/ca\/obres\/#breadcrumb"},"inLanguage":"ca","potentialAction":[{"@type":"ReadAction","target":["https:\/\/fain.es\/ca\/obres\/"]}]},{"@type":"ImageObject","inLanguage":"ca","@id":"https:\/\/fain.es\/ca\/obres\/#primaryimage","url":"https:\/\/fain.es\/wp-content\/uploads\/2020\/08\/obras-banner-background.jpg","contentUrl":"https:\/\/fain.es\/wp-content\/uploads\/2020\/08\/obras-banner-background.jpg","width":1200,"height":621,"caption":"Espai modern a l'interior de les oficines de Desigual."},{"@type":"BreadcrumbList","@id":"https:\/\/fain.es\/ca\/obres\/#breadcrumb","itemListElement":[{"@type":"ListItem","position":1,"name":"Portada","item":"https:\/\/fain.es\/ca\/fain-ascensors\/"},{"@type":"ListItem","position":2,"name":"OBRES"}]},{"@type":"WebSite","@id":"https:\/\/fain.es\/ca\/#website","url":"https:\/\/fain.es\/ca\/","name":"FAIN","description":"","potentialAction":[{"@type":"SearchAction","target":{"@type":"EntryPoint","urlTemplate":"https:\/\/fain.es\/ca\/?s={search_term_string}"},"query-input":{"@type":"PropertyValueSpecification","valueRequired":true,"valueName":"search_term_string"}}],"inLanguage":"ca"}]}},"_links":{"self":[{"href":"https:\/\/fain.es\/ca\/wp-json\/wp\/v2\/pages\/39053","targetHints":{"allow":["GET"]}}],"collection":[{"href":"https:\/\/fain.es\/ca\/wp-json\/wp\/v2\/pages"}],"about":[{"href":"https:\/\/fain.es\/ca\/wp-json\/wp\/v2\/types\/page"}],"author":[{"embeddable":true,"href":"https:\/\/fain.es\/ca\/wp-json\/wp\/v2\/users\/110141"}],"replies":[{"embeddable":true,"href":"https:\/\/fain.es\/ca\/wp-json\/wp\/v2\/comments?post=39053"}],"version-history":[{"count":2,"href":"https:\/\/fain.es\/ca\/wp-json\/wp\/v2\/pages\/39053\/revisions"}],"predecessor-version":[{"id":39064,"href":"https:\/\/fain.es\/ca\/wp-json\/wp\/v2\/pages\/39053\/revisions\/39064"}],"wp:featuredmedia":[{"embeddable":true,"href":"https:\/\/fain.es\/ca\/wp-json\/wp\/v2\/media\/39055"}],"wp:attachment":[{"href":"https:\/\/fain.es\/ca\/wp-json\/wp\/v2\/media?parent=39053"}],"curies":[{"name":"wp","href":"https:\/\/api.w.org\/{rel}","templated":true}]}}