{"id":39030,"date":"2026-01-09T11:09:17","date_gmt":"2026-01-09T10:09:17","guid":{"rendered":"https:\/\/fain.es\/productes\/"},"modified":"2026-03-31T16:53:14","modified_gmt":"2026-03-31T14:53:14","slug":"productes","status":"publish","type":"page","link":"https:\/\/fain.es\/ca\/productes\/","title":{"rendered":"PRODUCTES"},"content":{"rendered":"\n<p class=\"has-text-align-center\">La nostra gamma de productes inclou des d&#8217;ascensors el\u00e8ctrics (gamma ION) a escales mec\u00e0niques, rampes i passadissos m\u00f2bils, oferint solucions a mida i accessibilitat amb l&#8217;eliminaci\u00f3 de barreres arquitect\u00f2niques i la instal\u00b7laci\u00f3 de pujaescales i elevadors verticals. A m\u00e9s, cal assenyalar que FAIN \u00e9s distribu\u00efdor \u00fanic autoritzat a Espanya de productes d&#8217;elevaci\u00f3 Mitsubishi, que inclouen ascensors d&#8217;alta gamma i tamb\u00e9 d&#8217;alta velocitat. <\/p>\n<p class=\"has-text-align-center\">Aix\u00ed, amb tots els nostres productes destinats a afavorir l&#8217;accessibilitat de tothom, oferim solucions a mida ajustades a les vostres necessitats. Aquests van des d&#8217;ascensors hidr\u00e0ulics pensats per salvar poca altura i per a pressupostos ajustats a ascensors panor\u00e0mics, amb o sense cambra de m\u00e0quines, muntacotxes, muntacamillas, muntac\u00e0rregues o muntaplats. En definitiva, dispositius no nom\u00e9s d&#8217;alta qualitat i funcionals sin\u00f3 tamb\u00e9 s\u00f2lids i duradors.  <\/p><p class=\"has-text-align-center\">T&#8217;assessorem i ens adaptem a les teves necessitats, no tens gaire clar quina \u00e9s la millor soluci\u00f3 per a tu? A FAIN parlem clar, confia en la nostra experi\u00e8ncia i deixa&#8217;ns desenvolupar el millor projecte per a tu. <\/p>\n","protected":false},"excerpt":{"rendered":"<p>La nostra gamma de productes inclou des d&#8217;ascensors el\u00e8ctrics (gamma ION) a escales mec\u00e0niques, rampes i passadissos m\u00f2bils, oferint solucions a mida i accessibilitat amb l&#8217;eliminaci\u00f3 de barreres arquitect\u00f2niques i la instal\u00b7laci\u00f3 de pujaescales i elevadors verticals. A m\u00e9s, cal assenyalar que FAIN \u00e9s distribu\u00efdor \u00fanic autoritzat a Espanya de productes d&#8217;elevaci\u00f3 Mitsubishi, que inclouen [&hellip;]<\/p>\n","protected":false},"author":110141,"featured_media":0,"parent":0,"menu_order":0,"comment_status":"closed","ping_status":"closed","template":"template-mantenimiento.php","meta":{"_acf_changed":false,"inline_featured_image":false,"footnotes":""},"class_list":["post-39030","page","type-page","status-publish","hentry"],"acf":[],"yoast_head":"<!-- This site is optimized with the Yoast SEO plugin v27.4 - https:\/\/yoast.com\/product\/yoast-seo-wordpress\/ -->\n<title>Productes FAIN. \u00c0mplia gamma de models disponibles<\/title>\n<meta name=\"description\" content=\"A FAIN comercialitzem una \u00e0mplia gamma de productes per fer la teva vida m\u00e9s c\u00f2moda i ens adaptem sempre a les teves necessitats.\" \/>\n<meta name=\"robots\" content=\"index, follow, max-snippet:-1, max-image-preview:large, max-video-preview:-1\" \/>\n<link rel=\"canonical\" href=\"https:\/\/fain.es\/ca\/productes\/\" \/>\n<meta property=\"og:locale\" content=\"ca_ES\" \/>\n<meta property=\"og:type\" content=\"article\" \/>\n<meta property=\"og:title\" content=\"Productes FAIN. \u00c0mplia gamma de models disponibles\" \/>\n<meta property=\"og:description\" content=\"A FAIN comercialitzem una \u00e0mplia gamma de productes per fer la teva vida m\u00e9s c\u00f2moda i ens adaptem sempre a les teves necessitats.\" \/>\n<meta property=\"og:url\" content=\"https:\/\/fain.es\/ca\/productes\/\" \/>\n<meta property=\"og:site_name\" content=\"FAIN\" \/>\n<meta property=\"article:modified_time\" content=\"2026-03-31T14:53:14+00:00\" \/>\n<meta name=\"twitter:card\" content=\"summary_large_image\" \/>\n<meta name=\"twitter:label1\" content=\"Temps estimat de lectura\" \/>\n\t<meta name=\"twitter:data1\" content=\"1 minut\" \/>\n<script type=\"application\/ld+json\" class=\"yoast-schema-graph\">{\"@context\":\"https:\\\/\\\/schema.org\",\"@graph\":[{\"@type\":\"WebPage\",\"@id\":\"https:\\\/\\\/fain.es\\\/ca\\\/productes\\\/\",\"url\":\"https:\\\/\\\/fain.es\\\/ca\\\/productes\\\/\",\"name\":\"Productes FAIN. \u00c0mplia gamma de models disponibles\",\"isPartOf\":{\"@id\":\"https:\\\/\\\/fain.es\\\/ca\\\/#website\"},\"datePublished\":\"2026-01-09T10:09:17+00:00\",\"dateModified\":\"2026-03-31T14:53:14+00:00\",\"description\":\"A FAIN comercialitzem una \u00e0mplia gamma de productes per fer la teva vida m\u00e9s c\u00f2moda i ens adaptem sempre a les teves necessitats.\",\"breadcrumb\":{\"@id\":\"https:\\\/\\\/fain.es\\\/ca\\\/productes\\\/#breadcrumb\"},\"inLanguage\":\"ca\",\"potentialAction\":[{\"@type\":\"ReadAction\",\"target\":[\"https:\\\/\\\/fain.es\\\/ca\\\/productes\\\/\"]}]},{\"@type\":\"BreadcrumbList\",\"@id\":\"https:\\\/\\\/fain.es\\\/ca\\\/productes\\\/#breadcrumb\",\"itemListElement\":[{\"@type\":\"ListItem\",\"position\":1,\"name\":\"Portada\",\"item\":\"https:\\\/\\\/fain.es\\\/ca\\\/fain-ascensors\\\/\"},{\"@type\":\"ListItem\",\"position\":2,\"name\":\"PRODUCTES\"}]},{\"@type\":\"WebSite\",\"@id\":\"https:\\\/\\\/fain.es\\\/ca\\\/#website\",\"url\":\"https:\\\/\\\/fain.es\\\/ca\\\/\",\"name\":\"FAIN\",\"description\":\"\",\"potentialAction\":[{\"@type\":\"SearchAction\",\"target\":{\"@type\":\"EntryPoint\",\"urlTemplate\":\"https:\\\/\\\/fain.es\\\/ca\\\/?s={search_term_string}\"},\"query-input\":{\"@type\":\"PropertyValueSpecification\",\"valueRequired\":true,\"valueName\":\"search_term_string\"}}],\"inLanguage\":\"ca\"}]}<\/script>\n<!-- \/ Yoast SEO plugin. -->","yoast_head_json":{"title":"Productes FAIN. \u00c0mplia gamma de models disponibles","description":"A FAIN comercialitzem una \u00e0mplia gamma de productes per fer la teva vida m\u00e9s c\u00f2moda i ens adaptem sempre a les teves necessitats.","robots":{"index":"index","follow":"follow","max-snippet":"max-snippet:-1","max-image-preview":"max-image-preview:large","max-video-preview":"max-video-preview:-1"},"canonical":"https:\/\/fain.es\/ca\/productes\/","og_locale":"ca_ES","og_type":"article","og_title":"Productes FAIN. \u00c0mplia gamma de models disponibles","og_description":"A FAIN comercialitzem una \u00e0mplia gamma de productes per fer la teva vida m\u00e9s c\u00f2moda i ens adaptem sempre a les teves necessitats.","og_url":"https:\/\/fain.es\/ca\/productes\/","og_site_name":"FAIN","article_modified_time":"2026-03-31T14:53:14+00:00","twitter_card":"summary_large_image","twitter_misc":{"Temps estimat de lectura":"1 minut"},"schema":{"@context":"https:\/\/schema.org","@graph":[{"@type":"WebPage","@id":"https:\/\/fain.es\/ca\/productes\/","url":"https:\/\/fain.es\/ca\/productes\/","name":"Productes FAIN. \u00c0mplia gamma de models disponibles","isPartOf":{"@id":"https:\/\/fain.es\/ca\/#website"},"datePublished":"2026-01-09T10:09:17+00:00","dateModified":"2026-03-31T14:53:14+00:00","description":"A FAIN comercialitzem una \u00e0mplia gamma de productes per fer la teva vida m\u00e9s c\u00f2moda i ens adaptem sempre a les teves necessitats.","breadcrumb":{"@id":"https:\/\/fain.es\/ca\/productes\/#breadcrumb"},"inLanguage":"ca","potentialAction":[{"@type":"ReadAction","target":["https:\/\/fain.es\/ca\/productes\/"]}]},{"@type":"BreadcrumbList","@id":"https:\/\/fain.es\/ca\/productes\/#breadcrumb","itemListElement":[{"@type":"ListItem","position":1,"name":"Portada","item":"https:\/\/fain.es\/ca\/fain-ascensors\/"},{"@type":"ListItem","position":2,"name":"PRODUCTES"}]},{"@type":"WebSite","@id":"https:\/\/fain.es\/ca\/#website","url":"https:\/\/fain.es\/ca\/","name":"FAIN","description":"","potentialAction":[{"@type":"SearchAction","target":{"@type":"EntryPoint","urlTemplate":"https:\/\/fain.es\/ca\/?s={search_term_string}"},"query-input":{"@type":"PropertyValueSpecification","valueRequired":true,"valueName":"search_term_string"}}],"inLanguage":"ca"}]}},"_links":{"self":[{"href":"https:\/\/fain.es\/ca\/wp-json\/wp\/v2\/pages\/39030","targetHints":{"allow":["GET"]}}],"collection":[{"href":"https:\/\/fain.es\/ca\/wp-json\/wp\/v2\/pages"}],"about":[{"href":"https:\/\/fain.es\/ca\/wp-json\/wp\/v2\/types\/page"}],"author":[{"embeddable":true,"href":"https:\/\/fain.es\/ca\/wp-json\/wp\/v2\/users\/110141"}],"replies":[{"embeddable":true,"href":"https:\/\/fain.es\/ca\/wp-json\/wp\/v2\/comments?post=39030"}],"version-history":[{"count":4,"href":"https:\/\/fain.es\/ca\/wp-json\/wp\/v2\/pages\/39030\/revisions"}],"predecessor-version":[{"id":50132,"href":"https:\/\/fain.es\/ca\/wp-json\/wp\/v2\/pages\/39030\/revisions\/50132"}],"wp:attachment":[{"href":"https:\/\/fain.es\/ca\/wp-json\/wp\/v2\/media?parent=39030"}],"curies":[{"name":"wp","href":"https:\/\/api.w.org\/{rel}","templated":true}]}}