{"id":39020,"date":"2026-01-09T11:09:15","date_gmt":"2026-01-09T10:09:15","guid":{"rendered":"https:\/\/fain.es\/politica-de-privadesa\/"},"modified":"2026-03-30T13:47:50","modified_gmt":"2026-03-30T11:47:50","slug":"politica-de-privadesa","status":"publish","type":"page","link":"https:\/\/fain.es\/ca\/politica-de-privadesa\/","title":{"rendered":"Privadesa"},"content":{"rendered":"\n<p><strong>POL\u00cdTICA DE PRIVACITAT<\/strong><\/p>\n\n<p>L&#8217;objectiu d&#8217;aquesta pol\u00edtica \u00e9s informar els interessats sobre els diferents tractaments realitzats per aquesta organitzaci\u00f3 mitjan\u00e7ant la p\u00e0gina web i que afectin les seves dades personals, de conformitat amb el que estableix el Reglament (UE) 2016\/679 del Parlament Europeu i del Consell de 27 d&#8217;abril de 2016 i la Llei Org\u00e0nica 3\/2018, de 5  <\/p>\n\n<ol class=\"wp-block-list\" start=\"1\">\n<li><strong>IDENTIFICACI\u00d3 I DADES DE CONTACTE DEL RESPONSABLE<\/strong> <\/li>\n<\/ol>\n\n<p>FAIN ASCENSORES, SA, domiciliada al c\/ Dr. Esquerdo 57 (28007) Madrid, amb NIF A28303485, tel\u00e8fon de contacte 914 093 101 i correu electr\u00f2nic lopd@fainascensores.com  <\/p>\n\n<p><strong>DELEGAT DE PROTECCI\u00d3 DE DADES<\/strong> <\/p>\n\n<p>SEGURETAT I PRIVACITAT DE DADES, SL, amb tel\u00e8fon de contacte 963 122 868 i correu electr\u00f2nic <a href=\"mailto:infodpo@forlopd.es\" target=\"_blank\" rel=\"noreferrer noopener\">infodpo@forlopd.es<\/a> <\/p>\n\n<ol class=\"wp-block-list\" start=\"2\">\n<li><strong>FINALITATS DEL TRACTAMENT DE LES SEVES DADES PERSONALS  <\/strong> <\/li>\n<\/ol>\n\n<ul class=\"wp-block-list\">\n<li><strong>USUARIS\/NAVEGANTS  <\/strong> <\/li>\n<\/ul>\n\n<p>Tractarem les dades de car\u00e0cter personal facilitades per a:  <\/p>\n\n<ul class=\"wp-block-list\">\n<li>Atendre les sol\u00b7licituds, queixes i incid\u00e8ncies traslladades a trav\u00e9s dels nostres canals de contacte incorporats a la p\u00e0gina web.  <\/li>\n\n\n\n<li>Entendre el comportament del navegant dins de la web per tal de detectar possibles atacs inform\u00e0tics a la nostra web.  <\/li>\n\n\n\n<li>Complir les obligacions legals que ens resultin directament aplicables i regulin la nostra activitat.  <\/li>\n\n\n\n<li>Protegir i exercir els nostres drets o respondre davant de reclamacions de qualsevol \u00edndole.  <\/li>\n\n\n\n<li>Si escau, enviament de comunicacions comercials relatives als b\u00e9ns o serveis que conformen la nostra activitat i\/o not\u00edcies o butlletins relacionats amb el nostre sector. La negativa a facilitar-nos l&#8217;autoritzaci\u00f3 implicar\u00e0 la impossibilitat d&#8217;enviar-li informaci\u00f3 per part de l&#8217;entitat.   <\/li>\n\n\n\n<li>Si escau, gestionar la seva participaci\u00f3 en concursos i promocions que faci l&#8217;entitat. La seva negativa a facilitar-nos lautoritzaci\u00f3 implicar\u00e0 la impossibilitat de participar.   <\/li>\n<\/ul>\n\n<ul class=\"wp-block-list\">\n<li>Gestionar i enviar-li el pressupost sol\u00b7licitat.  <\/li>\n<\/ul>\n\n<ul class=\"wp-block-list\">\n<li><strong>CLIENTS<\/strong>  <\/li>\n<\/ul>\n\n<p>En suma a les finalitats assenyalades a l&#8217;apartat \u00abusuaris\/navegants de la p\u00e0gina web\u00bb, tractarem les vostres dades de car\u00e0cter personal facilitades per a:  <\/p>\n\n<ul class=\"wp-block-list\">\n<li>Gestionar el vostre registre a la plataforma web de l&#8217;entitat i generar un usuari i contrasenya. La seva negativa a facilitar-nos l&#8217;autoritzaci\u00f3 implicar\u00e0 la impossibilitat d&#8217;efectuar el registre a la plataforma.   <\/li>\n\n\n\n<li>Gesti\u00f3 de factures, gesti\u00f3 de comunicats de treball i manteniment, aix\u00ed com una altra documentaci\u00f3 associada al servei.  <\/li>\n\n\n\n<li>Verificar la representaci\u00f3 legal declarada.  <\/li>\n\n\n\n<li>Si escau, enviar enquestes de satisfacci\u00f3 i\/o qualitat.  <\/li>\n<\/ul>\n\n<ul class=\"wp-block-list\">\n<li><strong>ADMINISTRADORS<\/strong> <\/li>\n<\/ul>\n\n<p>En suma a les finalitats assenyalades a l&#8217;apartat \u00ab <em>usuaris\/navegants de la p\u00e0gina web<\/em> \u00bb i \u00ab <em>clients<\/em> \u00bb, tractarem les vostres dades de car\u00e0cter personal facilitades per a:  <\/p>\n\n<ul class=\"wp-block-list\">\n<li>Facilitar la gesti\u00f3 centralitzada de la facturaci\u00f3, comunicats de treball, correctius, equips i la resta de documentaci\u00f3 rellevant en representaci\u00f3 dels seus clients.  <\/li>\n\n\n\n<li>Gestionar la telemetria i les pantalles digitals o intel\u00b7ligents.  <\/li>\n\n\n\n<li>Complir l&#8217;obligaci\u00f3 del Model 347.  <\/li>\n<\/ul>\n\n<ul class=\"wp-block-list\">\n<li><strong>CANDIDATS A OFERTES DE TREBALL O POSTULANTS A FEINA  <\/strong> <\/li>\n<\/ul>\n\n<p>En suma a les finalitats assenyalades a l&#8217;apartat \u00abusuaris\/navegants de la p\u00e0gina web\u00bb, tractarem les vostres dades de car\u00e0cter personal facilitades per a:  <\/p>\n\n<ul class=\"wp-block-list\">\n<li>Gestionar la seva candidatura en el proc\u00e9s de selecci\u00f3 i informar-lo sobre aquest.  <\/li>\n\n\n\n<li>Gestionar el curr\u00edculum associat a portals de treball.  <\/li>\n<\/ul>\n\n<ol class=\"wp-block-list\" start=\"3\">\n<li><strong>BASE JUR\u00cdDICA DEL TRACTAMENT<\/strong> <\/li>\n<\/ol>\n\n<ul class=\"wp-block-list\">\n<li><strong>USUARIS\/NAVEGANTS<\/strong> <\/li>\n\n\n\n<li>Al consentiment que ens has prestat per tractar les teves dades amb les finalitats indicades. La negativa a facilitar les vostres dades personals comport\u00e9s la impossibilitat de tractar les vostres dades amb les finalitats esmentades.   <\/li>\n\n\n\n<li>Per complir les obligacions legals que se&#8217;ns apliquen. En aquest cas, linteressat no podr\u00e0 negar-se al tractament de les dades personals.   <\/li>\n\n\n\n<li>En el nostre inter\u00e8s leg\u00edtim de protegir la nostra imatge, negoci i traject\u00f2ria evitant atacs a la nostra p\u00e0gina web. En aquest cas, linteressat no podr\u00e0 negar-se al tractament de les dades personals, encara que podr\u00e0 exercir, si escau, els drets reconeguts en lapartat \u00abdrets\u00bb de la present pol\u00edtica.   <\/li>\n<\/ul>\n\n<ul class=\"wp-block-list\">\n<li><strong>CLIENTS\/ADMINISTRADORS<\/strong> <\/li>\n\n\n\n<li>Execuci\u00f3 d&#8217;un contracte on sigui part o aplicaci\u00f3 de mitjanes precontractuals. La negativa a facilitar les vostres dades personals comport\u00e9s la impossibilitat de tractar les vostres dades amb les finalitats esmentades.   <\/li>\n\n\n\n<li>Al consentiment que ens has prestat per tractar les teves dades respecte de les finalitats alienes al desenvolupament o execuci\u00f3 del contracte existent. La negativa a facilitar les vostres dades personals comport\u00e9s la impossibilitat de tractar les vostres dades amb les finalitats esmentades.   <\/li>\n\n\n\n<li>Per complir les obligacions legals que se&#8217;ns apliquen. En aquest cas, linteressat no podr\u00e0 negar-se al tractament de les dades personals.   <\/li>\n\n\n\n<li>En el nostre inter\u00e8s leg\u00edtim de protegir la nostra imatge, negoci i traject\u00f2ria evitant atacs a la nostra p\u00e0gina web. En aquest cas, linteressat no podr\u00e0 negar-se al tractament de les dades personals, encara que podr\u00e0 exercir, si escau, els drets reconeguts en lapartat \u00abdrets\u00bb de la present pol\u00edtica.   <\/li>\n<\/ul>\n\n<ol class=\"wp-block-list\" start=\"4\">\n<li><strong>COMPLEMENTS I EINES DEL LLOC WEB<\/strong> <\/li>\n<\/ol>\n\n<ul class=\"wp-block-list\">\n<li><strong>Google Analytics<\/strong> <\/li>\n<\/ul>\n\n<p>Sempre que comptem amb el seu consentiment, utilitzarem Google Analytics amb finalitats estad\u00edstiques per comprendre com interactua amb el nostre lloc web o, si escau, per con\u00e8ixer el rendiment de les seves campanyes publicit\u00e0ries, a trav\u00e9s de les anomenades cookies. A aquest efecte, heu de tenir en compte que, en utilitzar el servei, Google demanar\u00e0 i emmagatzemar\u00e0 informaci\u00f3 per tal d&#8217;avaluar-ne l&#8217;\u00fas del lloc web, recopilar informes sobre l&#8217;activitat del lloc web i prestar altres serveis relacionats amb l&#8217;activitat del lloc web. Us informem que l&#8217;\u00fas de Google pot comportar Transfer\u00e8ncies Internacionals de Dades no basades en una decisi\u00f3 d&#8217;adequaci\u00f3 de la Comissi\u00f3 Europea ni en l&#8217;oferiment de garanties adequades, per la qual cosa no compten amb un nivell idoni de protecci\u00f3 de conformitat amb el que disposa el RGPD. Als efectes oportuns, us informem que aquest fet pot comportar certs riscos per a la protecci\u00f3 de les vostres dades de car\u00e0cter personal. Aquests riscos derivats poden incloure que no hi hagi una autoritat supervisora \u200b\u200bde protecci\u00f3 equivalent i\/o uns principis de protecci\u00f3 de tractament de dades i\/o uns drets de protecci\u00f3 dels interessats equivalents.     Per tot aix\u00f2, us recomanem que, de forma pr\u00e8via, llegiu detingudament la pol\u00edtica de privadesa del nostre prove\u00efdor fent clic <a href=\"https:\/\/policies.google.com\/privacy?hl=es\" target=\"_blank\" rel=\"noreferrer noopener\">aqu\u00ed<\/a> .  <\/p>\n\n<ul class=\"wp-block-list\">\n<li><strong>YouTube<\/strong> <\/li>\n<\/ul>\n\n<p>El nostre lloc web utilitza complements de la plataforma YouTube amb tecnologia oferida per Google. YouTube nom\u00e9s associar\u00e0 el vostre comportament de navegaci\u00f3 al vostre perfil personal si teniu iniciada la sessi\u00f3 al vostre compte. Pots evitar-ho tancant la sessi\u00f3.  <\/p>\n\n<p>Us recomanem que, de forma pr\u00e8via, llegiu detingudament la pol\u00edtica de privadesa del nostre prove\u00efdor fent clic <a href=\"https:\/\/policies.google.com\/privacy?hl=es\" target=\"_blank\" rel=\"noreferrer noopener\">aqu\u00ed<\/a> .  <\/p>\n\n<ul class=\"wp-block-list\">\n<li><strong>Pop-up WhatsApp<\/strong> <\/li>\n<\/ul>\n\n<p>La p\u00e0gina web compta amb un canal de WhatsApp amb la finalitat de permetre la comunicaci\u00f3 amb atenci\u00f3 al client. No obstant aix\u00f2, heu de tenir en compte que el nostre prove\u00efdor aplica la vostra pr\u00f2pia pol\u00edtica de privadesa, per la qual cosa us recomanem que reviseu la vostra configuraci\u00f3 al servei i que llegiu detingudament la pol\u00edtica de privadesa.  Podeu accedir-hi fent clic <a href=\"https:\/\/www.whatsapp.com\/privacy\" target=\"_blank\" rel=\"noreferrer noopener\">aqu\u00ed<\/a> .  <\/p>\n\n<ol class=\"wp-block-list\" start=\"5\">\n<li><strong>TERMINIS O CRITERIS DE CONSERVACI\u00d3 DE LES DADES<\/strong> <\/li>\n<\/ol>\n\n<p>Les dades personals proporcionades es conservaran durant el temps necessari per complir les finalitats per a les quals van ser recopilades inicialment.  <\/p>\n\n<p>Una vegada que les dades deixin de ser necess\u00e0ries per al tractament en q\u00fcesti\u00f3, aquestes es mantindran degudament bloquejades per, si escau, posar-les a disposici\u00f3 de les administracions i organismes p\u00fablics competents, jutges i tribunals o el ministeri fiscal, durant el termini de prescripci\u00f3 de les accions que poguessin derivar-se de la relaci\u00f3 mantinguda amb el client i\/o els terminis de conservaci\u00f3.  <\/p>\n\n<p>En el cas que ens hagi facilitat el seu curr\u00edculum, conservarem les seves dades durant un per\u00edode m\u00e0xim de dos anys des de la recepci\u00f3 d&#8217;aquest, moment en qu\u00e8 procedirem a suprimir-les, llevat que hagi procedit a actualitzar les seves dades o ens hagi autoritzat a mantenir-les per un per\u00edode de conservaci\u00f3 major a l&#8217;indicat. Als efectes oportuns, us informem que podeu revocar el vostre consentiment en qualsevol moment.   <\/p>\n\n<p>Per\u00edode de bloqueig de les dades:  <\/p>\n\n<ul class=\"wp-block-list\">\n<li><strong>EL CODI CIVIL.<\/strong>  <strong> <\/strong>Entre 1 i 5 anys segons el cas, atenent el que disposen els articles 1964.2 i 1968.2 del cos legal esmentat.  <\/li>\n\n\n\n<li><strong>EL CODI DEL COMER\u00c7.<\/strong>  Durant 6 anys, atenent a disposat a larticle 30 del cos legal esmentat. S&#8217;aplica respecte de la informaci\u00f3 mercantil relacionada amb (factures emeses i rebudes, tiquets, factures rectificatives, documents bancaris, etc.).   <\/li>\n\n\n\n<li><strong>LA LLEI GENERAL TRIBUT\u00c0RIA.<\/strong>  Durant 4 anys atenent a disposat als articles 66 a 70 del cos legal esmentat. S&#8217;aplica a la informaci\u00f3 relacionada amb les obligacions fiscals.   <\/li>\n<\/ul>\n\n<ol class=\"wp-block-list\" start=\"6\">\n<li><strong>DECISIONS AUTOMATITZADES I ELABORACI\u00d3 DE PERFILS  <\/strong> <\/li>\n<\/ol>\n\n<p>La p\u00e0gina web no pren decisions automatitzades ni elabora perfils.  <\/p>\n\n<ol class=\"wp-block-list\" start=\"7\">\n<li><strong>DESTINATARIS<\/strong> <\/li>\n<\/ol>\n\n<p>Durant el per\u00edode de durada del tractament de les vostres dades personals, l&#8217;organitzaci\u00f3 podr\u00e0 cedir les vostres dades als destinataris seg\u00fcents:  <\/p>\n\n<ul class=\"wp-block-list\">\n<li>Jutges i Tribunals.  <\/li>\n\n\n\n<li>Forces i cossos de seguretat de l&#8217;Estat.  <\/li>\n\n\n\n<li>Altres autoritats o organismes p\u00fablics competents, quan el responsable tinga l&#8217;obligaci\u00f3 legal de facilitar les dades personals.  <\/li>\n\n\n\n<li>Si escau, a aquells Encarregats de Tractament que ens brindin serveis.  <\/li>\n\n\n\n<li>Bancs i entitats financeres.  <\/li>\n<\/ul>\n\n<ol class=\"wp-block-list\" start=\"8\">\n<li><strong>TRANSFER\u00c8NCIES INTERNACIONALS DE DADES<\/strong> <\/li>\n<\/ol>\n\n<p>Us informem que la nostra web t\u00e9 implementat el servei hosting de Cloudflare, prove\u00efdor certificat conforme el marc de privadesa UE-EE.UU.  <\/p>\n\n<p>Cloudflare executa el seu servei a trav\u00e9s de la seva xarxa global de centres de dades, principalment als Estats Units i l&#8217;Espai Econ\u00f2mic Europeu. Aix\u00f2 no obstant, \u00e9s possible que, amb la finalitat de facilitar el servei, s&#8217;emmagatzemi la informaci\u00f3 en altres parts del m\u00f3n. Per garantir la seguretat i privadesa de les dades personals en aquest context, Cloudflare implementa salvaguardes adequades de conformitat amb el que disposa el Reglament General de Protecci\u00f3 de Dades (RGPD), tal com les Cl\u00e0usules Contractuals Tipus adoptades per la Comissi\u00f3 Europea.    <\/p>\n\n<p>Addicionalment, cal destacar que el prove\u00efdor compta amb mesures de seguretat que asseguren que les dades personals es manegen amb el m\u00e0xim nivell de protecci\u00f3 i en compliment amb les normatives aplicables, garantint l&#8217;encriptaci\u00f3 TLS de totes les dades en tr\u00e0nsit, a m\u00e9s de mantenir estrictes normes de seguretat f\u00edsica.  <\/p>\n\n<p>Podeu obtenir m\u00e9s informaci\u00f3 sobre la pol\u00edtica de privadesa del nostre prove\u00efdor fent clic aqu\u00ed https:\/\/www.cloudflare.com\/ca-ca\/trust-hub\/privacy-and-data-protection\/  <\/p>\n\n<ol class=\"wp-block-list\" start=\"9\">\n<li><strong>XARXES SOCIALS<\/strong> <\/li>\n<\/ol>\n\n<p>Amb la finalitat de fer-lo part\u00edcip de la nostra activitat, i que pugui estar al corrent de les nostres novetats, us informem que FAIN ASCENSORES SA t\u00e9 creat un perfil a les Xarxes Socials.  <\/p>\n\n<p>Tots els usuaris tenen loportunitat dunir-se a les nostres xarxes socials o grups. No obstant aix\u00f2, heu de tenir en compte que, llevat que us sol\u00b7licitem les vostres dades directament (per exemple, mitjan\u00e7ant accions de m\u00e0rqueting, concursos, promocions, o qualsevol altra forma v\u00e0lida), les vostres dades pertanyeran a la Xarxa Social corresponent, per la qual cosa us recomanem que llegiu detingudament les vostres condicions d&#8217;\u00fas i pol\u00edtiques de privadesa, aix\u00ed com s&#8217;asseguri de configurar les vostres prefer\u00e8ncies quant a les vostres prefer\u00e8ncies.   <\/p>\n\n<p>A continuaci\u00f3, detallem l&#8217;enlla\u00e7 a la pol\u00edtica de privadesa a les diferents Xarxes Socials en qu\u00e8 tenim pres\u00e8ncia, perqu\u00e8 pugui accedir en tot moment a les pol\u00edtiques de privadesa i configurar el seu perfil per garantir la seva privadesa:  <\/p>\n\n<p><strong>Facebook:<\/strong> https:\/\/es-es.facebook.com\/privacy\/policy\/?entry_point=facebook_page_footer  <\/p>\n\n<p><strong>X:<\/strong> https:\/\/twitter.com\/es\/privacy  <\/p>\n\n<p><strong>LinkedIN:<\/strong> <a href=\"https:\/\/www.linkedin.com\/legal\/privacy-policy?_l=es_ES\" target=\"_blank\" rel=\"noreferrer noopener\">https:\/\/es.linkedin.com\/legal\/privacy-policy<\/a> <\/p>\n\n<p><strong>Youtube<\/strong> : <a href=\"https:\/\/www.youtube.com\/yt\/policyandsafety\/es\/\" target=\"_blank\" rel=\"noreferrer noopener\">https:\/\/www.youtube.com\/intl\/ALL_ca\/howyoutubeworks\/our-commitments\/protecting-user-data\/<\/a> <\/p>\n\n<p><strong>Instagram:<\/strong> https:\/\/privacycenter.instagram.com\/  <\/p>\n\n<ol class=\"wp-block-list\" start=\"10\">\n<li><strong>DRETS<\/strong> <\/li>\n<\/ol>\n\n<p>Els interessats podran sol\u00b7licitar m\u00e9s informaci\u00f3 sobre el tractament de les seves dades personals aix\u00ed com exercir en qualsevol moment i, de forma gratu\u00efta, els drets d&#8217;acc\u00e9s, rectificaci\u00f3 i supressi\u00f3, aix\u00ed com sol\u00b7licitar que es limiti el tractament de les seves dades personals, oposar-s&#8217;hi, sol\u00b7licitar la portabilitat d&#8217;aquestes (sempre que sigui t\u00e8cnicament possible) o retirar el consentiment prestat i, si s&#8217;escau, a no elaborar de perfils.  <\/p>\n\n<p>Per fer-ho, podreu emprar els formularis habilitats per l&#8217;organitzaci\u00f3, o b\u00e9 dirigir un escrit a l&#8217;adre\u00e7a postal o correu electr\u00f2nic referenciats a l&#8217;encap\u00e7alament. Als efectes oportuns, us informem que se us podr\u00e0 sol\u00b7licitar el vostre DNI o qualsevol altre document an\u00e0leg, amb la finalitat d&#8217;acreditar la vostra identitat, sempre que aix\u00f2 no es pugui fer per altres mitjans menys intrusius.   <\/p>\n\n<p>En cas que sentiu vulnerats els vostres drets pel que fa a la protecci\u00f3 de les vostres dades personals, especialment quan no heu obtingut satisfacci\u00f3 en l&#8217;exercici dels vostres drets, podeu presentar una reclamaci\u00f3 davant l&#8217;Autoritat de Control en mat\u00e8ria de Protecci\u00f3 de Dades competent (Ag\u00e8ncia Espanyola de Protecci\u00f3 de Dades), a trav\u00e9s del seu lloc web www.aepd.es  <\/p>\n\n<p>En compliment del que disposa l&#8217;article 21 de la Llei 34\/2002 de serveis de la societat de la informaci\u00f3 i comer\u00e7 electr\u00f2nic, si no voleu rebre m\u00e9s informaci\u00f3 sobre els nostres serveis, podeu donar-vos de baixa enviant un correu electr\u00f2nic a l&#8217;adre\u00e7a lopd@fainascensores.com, amb assumpte <strong><em>\u201cBAIXES\u201d<\/em><\/strong><strong><em> <\/em><\/strong> <\/p>\n\n<ol class=\"wp-block-list\" start=\"11\">\n<li><strong>VERACITAT DE LES DADES<\/strong> <\/li>\n<\/ol>\n\n<p>L&#8217;interessat garanteix que les dades aportades s\u00f3n vertaderes, exactes, completes i es troben actualitzades; comprometent-se a informar de qualsevol canvi respecte de les dades que aport\u00e9s, pels canals habilitats a aquest efecte i indicats al punt u de la present pol\u00edtica. Ser\u00e0 responsable de qualsevol dany o perjudici, tant directe com indirecte, que pugui ocasionar com a conseq\u00fc\u00e8ncia de l&#8217;incompliment de la present obligaci\u00f3.   <\/p>\n\n<p>En cas que l&#8217;usuari faciliti dades de tercers, declara que compta amb el consentiment dels interessats i es compromet a traslladar-li la informaci\u00f3 continguda en aquesta cl\u00e0usula, eximint l&#8217;organitzaci\u00f3 de qualsevol responsabilitat derivada per la manca de compliment d&#8217;aquesta obligaci\u00f3.  <\/p>\n\n<ol class=\"wp-block-list\" start=\"12\">\n<li><strong>MODIFICACIONS I ACTUALITZACI\u00d3<\/strong> <\/li>\n<\/ol>\n\n<p>Aquesta pol\u00edtica de privadesa pot veure&#8217;s modificada\/actualitzada en funci\u00f3 de les exig\u00e8ncies legals establertes o amb la finalitat d&#8217;adaptar aquesta pol\u00edtica a les instruccions dictades per l&#8217;Ag\u00e8ncia Espanyola de Protecci\u00f3 de Dades, oa conseq\u00fc\u00e8ncia de canvis al nostre lloc web. Per aquesta ra\u00f3, aconsellem als usuaris que visitin peri\u00f2dicament la nostra Pol\u00edtica de Privadesa.   <\/p>\n\n<p>Si teniu dubtes sobre aquesta pol\u00edtica, podeu contactar amb FAIN ASCENSORES SA a trav\u00e9s dels formularis habilitats per l&#8217;organitzaci\u00f3, o b\u00e9 adre\u00e7ar un escrit a l&#8217;adre\u00e7a postal o correu electr\u00f2nic referenciats a l&#8217;encap\u00e7alament.  <\/p>\n\n<p>\u00daltima revisi\u00f3 28 de maig de 2024  <\/p>\n","protected":false},"excerpt":{"rendered":"<p>POL\u00cdTICA DE PRIVACITAT L&#8217;objectiu d&#8217;aquesta pol\u00edtica \u00e9s informar els interessats sobre els diferents tractaments realitzats per aquesta organitzaci\u00f3 mitjan\u00e7ant la p\u00e0gina web i que afectin les seves dades personals, de conformitat amb el que estableix el Reglament (UE) 2016\/679 del Parlament Europeu i del Consell de 27 d&#8217;abril de 2016 i la Llei Org\u00e0nica 3\/2018, [&hellip;]<\/p>\n","protected":false},"author":110141,"featured_media":0,"parent":0,"menu_order":0,"comment_status":"closed","ping_status":"closed","template":"template-legales.php","meta":{"_acf_changed":false,"inline_featured_image":false,"footnotes":""},"class_list":["post-39020","page","type-page","status-publish","hentry"],"acf":[],"yoast_head":"<!-- This site is optimized with the Yoast SEO plugin v27.4 - https:\/\/yoast.com\/product\/yoast-seo-wordpress\/ -->\n<title>Privadesa - FAIN<\/title>\n<meta name=\"description\" content=\"A FAIN valorem la teva privadesa i per aix\u00f2 posem a la teva disposici\u00f3 la nostra pol\u00edtica de responsabilitat quant a la informaci\u00f3.\" \/>\n<meta name=\"robots\" content=\"index, follow, max-snippet:-1, max-image-preview:large, max-video-preview:-1\" \/>\n<link rel=\"canonical\" href=\"https:\/\/fain.es\/ca\/politica-de-privadesa\/\" \/>\n<meta property=\"og:locale\" content=\"ca_ES\" \/>\n<meta property=\"og:type\" content=\"article\" \/>\n<meta property=\"og:title\" content=\"Privadesa - FAIN\" \/>\n<meta property=\"og:description\" content=\"A FAIN valorem la teva privadesa i per aix\u00f2 posem a la teva disposici\u00f3 la nostra pol\u00edtica de responsabilitat quant a la informaci\u00f3.\" \/>\n<meta property=\"og:url\" content=\"https:\/\/fain.es\/ca\/politica-de-privadesa\/\" \/>\n<meta property=\"og:site_name\" content=\"FAIN\" \/>\n<meta property=\"article:modified_time\" content=\"2026-03-30T11:47:50+00:00\" \/>\n<meta name=\"twitter:card\" content=\"summary_large_image\" \/>\n<meta name=\"twitter:label1\" content=\"Temps estimat de lectura\" \/>\n\t<meta name=\"twitter:data1\" content=\"12 minuts\" \/>\n<script type=\"application\/ld+json\" class=\"yoast-schema-graph\">{\"@context\":\"https:\\\/\\\/schema.org\",\"@graph\":[{\"@type\":\"WebPage\",\"@id\":\"https:\\\/\\\/fain.es\\\/ca\\\/politica-de-privadesa\\\/\",\"url\":\"https:\\\/\\\/fain.es\\\/ca\\\/politica-de-privadesa\\\/\",\"name\":\"Privadesa - FAIN\",\"isPartOf\":{\"@id\":\"https:\\\/\\\/fain.es\\\/ca\\\/#website\"},\"datePublished\":\"2026-01-09T10:09:15+00:00\",\"dateModified\":\"2026-03-30T11:47:50+00:00\",\"description\":\"A FAIN valorem la teva privadesa i per aix\u00f2 posem a la teva disposici\u00f3 la nostra pol\u00edtica de responsabilitat quant a la informaci\u00f3.\",\"breadcrumb\":{\"@id\":\"https:\\\/\\\/fain.es\\\/ca\\\/politica-de-privadesa\\\/#breadcrumb\"},\"inLanguage\":\"ca\",\"potentialAction\":[{\"@type\":\"ReadAction\",\"target\":[\"https:\\\/\\\/fain.es\\\/ca\\\/politica-de-privadesa\\\/\"]}]},{\"@type\":\"BreadcrumbList\",\"@id\":\"https:\\\/\\\/fain.es\\\/ca\\\/politica-de-privadesa\\\/#breadcrumb\",\"itemListElement\":[{\"@type\":\"ListItem\",\"position\":1,\"name\":\"Portada\",\"item\":\"https:\\\/\\\/fain.es\\\/ca\\\/fain-ascensors\\\/\"},{\"@type\":\"ListItem\",\"position\":2,\"name\":\"Privadesa\"}]},{\"@type\":\"WebSite\",\"@id\":\"https:\\\/\\\/fain.es\\\/ca\\\/#website\",\"url\":\"https:\\\/\\\/fain.es\\\/ca\\\/\",\"name\":\"FAIN\",\"description\":\"\",\"potentialAction\":[{\"@type\":\"SearchAction\",\"target\":{\"@type\":\"EntryPoint\",\"urlTemplate\":\"https:\\\/\\\/fain.es\\\/ca\\\/?s={search_term_string}\"},\"query-input\":{\"@type\":\"PropertyValueSpecification\",\"valueRequired\":true,\"valueName\":\"search_term_string\"}}],\"inLanguage\":\"ca\"}]}<\/script>\n<!-- \/ Yoast SEO plugin. -->","yoast_head_json":{"title":"Privadesa - FAIN","description":"A FAIN valorem la teva privadesa i per aix\u00f2 posem a la teva disposici\u00f3 la nostra pol\u00edtica de responsabilitat quant a la informaci\u00f3.","robots":{"index":"index","follow":"follow","max-snippet":"max-snippet:-1","max-image-preview":"max-image-preview:large","max-video-preview":"max-video-preview:-1"},"canonical":"https:\/\/fain.es\/ca\/politica-de-privadesa\/","og_locale":"ca_ES","og_type":"article","og_title":"Privadesa - FAIN","og_description":"A FAIN valorem la teva privadesa i per aix\u00f2 posem a la teva disposici\u00f3 la nostra pol\u00edtica de responsabilitat quant a la informaci\u00f3.","og_url":"https:\/\/fain.es\/ca\/politica-de-privadesa\/","og_site_name":"FAIN","article_modified_time":"2026-03-30T11:47:50+00:00","twitter_card":"summary_large_image","twitter_misc":{"Temps estimat de lectura":"12 minuts"},"schema":{"@context":"https:\/\/schema.org","@graph":[{"@type":"WebPage","@id":"https:\/\/fain.es\/ca\/politica-de-privadesa\/","url":"https:\/\/fain.es\/ca\/politica-de-privadesa\/","name":"Privadesa - FAIN","isPartOf":{"@id":"https:\/\/fain.es\/ca\/#website"},"datePublished":"2026-01-09T10:09:15+00:00","dateModified":"2026-03-30T11:47:50+00:00","description":"A FAIN valorem la teva privadesa i per aix\u00f2 posem a la teva disposici\u00f3 la nostra pol\u00edtica de responsabilitat quant a la informaci\u00f3.","breadcrumb":{"@id":"https:\/\/fain.es\/ca\/politica-de-privadesa\/#breadcrumb"},"inLanguage":"ca","potentialAction":[{"@type":"ReadAction","target":["https:\/\/fain.es\/ca\/politica-de-privadesa\/"]}]},{"@type":"BreadcrumbList","@id":"https:\/\/fain.es\/ca\/politica-de-privadesa\/#breadcrumb","itemListElement":[{"@type":"ListItem","position":1,"name":"Portada","item":"https:\/\/fain.es\/ca\/fain-ascensors\/"},{"@type":"ListItem","position":2,"name":"Privadesa"}]},{"@type":"WebSite","@id":"https:\/\/fain.es\/ca\/#website","url":"https:\/\/fain.es\/ca\/","name":"FAIN","description":"","potentialAction":[{"@type":"SearchAction","target":{"@type":"EntryPoint","urlTemplate":"https:\/\/fain.es\/ca\/?s={search_term_string}"},"query-input":{"@type":"PropertyValueSpecification","valueRequired":true,"valueName":"search_term_string"}}],"inLanguage":"ca"}]}},"_links":{"self":[{"href":"https:\/\/fain.es\/ca\/wp-json\/wp\/v2\/pages\/39020","targetHints":{"allow":["GET"]}}],"collection":[{"href":"https:\/\/fain.es\/ca\/wp-json\/wp\/v2\/pages"}],"about":[{"href":"https:\/\/fain.es\/ca\/wp-json\/wp\/v2\/types\/page"}],"author":[{"embeddable":true,"href":"https:\/\/fain.es\/ca\/wp-json\/wp\/v2\/users\/110141"}],"replies":[{"embeddable":true,"href":"https:\/\/fain.es\/ca\/wp-json\/wp\/v2\/comments?post=39020"}],"version-history":[{"count":3,"href":"https:\/\/fain.es\/ca\/wp-json\/wp\/v2\/pages\/39020\/revisions"}],"predecessor-version":[{"id":52262,"href":"https:\/\/fain.es\/ca\/wp-json\/wp\/v2\/pages\/39020\/revisions\/52262"}],"wp:attachment":[{"href":"https:\/\/fain.es\/ca\/wp-json\/wp\/v2\/media?parent=39020"}],"curies":[{"name":"wp","href":"https:\/\/api.w.org\/{rel}","templated":true}]}}