{"id":38317,"date":"2026-01-09T11:09:24","date_gmt":"2026-01-09T10:09:24","guid":{"rendered":"https:\/\/fain.es\/directius-de-fain-ascensors\/"},"modified":"2026-03-23T11:45:59","modified_gmt":"2026-03-23T10:45:59","slug":"directius-de-fain-ascensors","status":"publish","type":"page","link":"https:\/\/fain.es\/ca\/qui-som\/directius-de-fain-ascensors\/","title":{"rendered":"Directius de FAIN Ascensors"},"content":{"rendered":"\n<p>Coneix la traject\u00f2ria i formaci\u00f3 dels qui estan al capdavant de FAIN Ascensors i no dubtis a contactar a trav\u00e9s de LinkedIn!<\/p>\n\n<p>Et presentem a l&#8217;equip de direcci\u00f3, tots ells i totes estan #EntregadosATi ia tota la plantilla de FAIN per aconseguir ser la millor empresa de serveis i la millor empresa per treballar (dit pels propis clients i treballadors), dos dels nostres objectius estrat\u00e8gics.<\/p>\n","protected":false},"excerpt":{"rendered":"<p>Coneix la traject\u00f2ria i formaci\u00f3 dels qui estan al capdavant de FAIN Ascensors i no dubtis a contactar a trav\u00e9s de LinkedIn! Et presentem a l&#8217;equip de direcci\u00f3, tots ells i totes estan #EntregadosATi ia tota la plantilla de FAIN per aconseguir ser la millor empresa de serveis i la millor empresa per treballar (dit [&hellip;]<\/p>\n","protected":false},"author":110141,"featured_media":38318,"parent":39137,"menu_order":2,"comment_status":"closed","ping_status":"closed","template":"template-prensa.php","meta":{"_acf_changed":false,"inline_featured_image":false,"footnotes":""},"class_list":["post-38317","page","type-page","status-publish","has-post-thumbnail","hentry"],"acf":[],"yoast_head":"<!-- This site is optimized with the Yoast SEO plugin v27.4 - https:\/\/yoast.com\/product\/yoast-seo-wordpress\/ -->\n<title>Equip directiu de FAIN Ascensors  FAIN<\/title>\n<meta name=\"description\" content=\"Coneix la traject\u00f2ria i formaci\u00f3 de l&#039;equip de direcci\u00f3 al capdavant de FAIN Ascensors i els seus objectius estrat\u00e8gics.\" \/>\n<meta name=\"robots\" content=\"index, follow, max-snippet:-1, max-image-preview:large, max-video-preview:-1\" \/>\n<link rel=\"canonical\" href=\"https:\/\/fain.es\/ca\/qui-som\/directius-de-fain-ascensors\/\" \/>\n<meta property=\"og:locale\" content=\"ca_ES\" \/>\n<meta property=\"og:type\" content=\"article\" \/>\n<meta property=\"og:title\" content=\"Equip directiu de FAIN Ascensors  FAIN\" \/>\n<meta property=\"og:description\" content=\"Coneix la traject\u00f2ria i formaci\u00f3 de l&#039;equip de direcci\u00f3 al capdavant de FAIN Ascensors i els seus objectius estrat\u00e8gics.\" \/>\n<meta property=\"og:url\" content=\"https:\/\/fain.es\/ca\/qui-som\/directius-de-fain-ascensors\/\" \/>\n<meta property=\"og:site_name\" content=\"FAIN\" \/>\n<meta property=\"article:modified_time\" content=\"2026-03-23T10:45:59+00:00\" \/>\n<meta property=\"og:image\" content=\"https:\/\/fain.es\/wp-content\/uploads\/2024\/07\/trabajadores-de-fain-ascensores.jpg\" \/>\n\t<meta property=\"og:image:width\" content=\"1280\" \/>\n\t<meta property=\"og:image:height\" content=\"720\" \/>\n\t<meta property=\"og:image:type\" content=\"image\/jpeg\" \/>\n<meta name=\"twitter:card\" content=\"summary_large_image\" \/>\n<script type=\"application\/ld+json\" class=\"yoast-schema-graph\">{\"@context\":\"https:\\\/\\\/schema.org\",\"@graph\":[{\"@type\":\"WebPage\",\"@id\":\"https:\\\/\\\/fain.es\\\/ca\\\/qui-som\\\/directius-de-fain-ascensors\\\/\",\"url\":\"https:\\\/\\\/fain.es\\\/ca\\\/qui-som\\\/directius-de-fain-ascensors\\\/\",\"name\":\"Equip directiu de FAIN Ascensors FAIN\",\"isPartOf\":{\"@id\":\"https:\\\/\\\/fain.es\\\/ca\\\/#website\"},\"primaryImageOfPage\":{\"@id\":\"https:\\\/\\\/fain.es\\\/ca\\\/qui-som\\\/directius-de-fain-ascensors\\\/#primaryimage\"},\"image\":{\"@id\":\"https:\\\/\\\/fain.es\\\/ca\\\/qui-som\\\/directius-de-fain-ascensors\\\/#primaryimage\"},\"thumbnailUrl\":\"https:\\\/\\\/fain.es\\\/wp-content\\\/uploads\\\/2024\\\/07\\\/trabajadores-de-fain-ascensores.jpg\",\"datePublished\":\"2026-01-09T10:09:24+00:00\",\"dateModified\":\"2026-03-23T10:45:59+00:00\",\"description\":\"Coneix la traject\u00f2ria i formaci\u00f3 de l'equip de direcci\u00f3 al capdavant de FAIN Ascensors i els seus objectius estrat\u00e8gics.\",\"breadcrumb\":{\"@id\":\"https:\\\/\\\/fain.es\\\/ca\\\/qui-som\\\/directius-de-fain-ascensors\\\/#breadcrumb\"},\"inLanguage\":\"ca\",\"potentialAction\":[{\"@type\":\"ReadAction\",\"target\":[\"https:\\\/\\\/fain.es\\\/ca\\\/qui-som\\\/directius-de-fain-ascensors\\\/\"]}]},{\"@type\":\"ImageObject\",\"inLanguage\":\"ca\",\"@id\":\"https:\\\/\\\/fain.es\\\/ca\\\/qui-som\\\/directius-de-fain-ascensors\\\/#primaryimage\",\"url\":\"https:\\\/\\\/fain.es\\\/wp-content\\\/uploads\\\/2024\\\/07\\\/trabajadores-de-fain-ascensores.jpg\",\"contentUrl\":\"https:\\\/\\\/fain.es\\\/wp-content\\\/uploads\\\/2024\\\/07\\\/trabajadores-de-fain-ascensores.jpg\",\"width\":1280,\"height\":720,\"caption\":\"Manteniment al punt m\u00e9s alt.\"},{\"@type\":\"BreadcrumbList\",\"@id\":\"https:\\\/\\\/fain.es\\\/ca\\\/qui-som\\\/directius-de-fain-ascensors\\\/#breadcrumb\",\"itemListElement\":[{\"@type\":\"ListItem\",\"position\":1,\"name\":\"Portada\",\"item\":\"https:\\\/\\\/fain.es\\\/ca\\\/fain-ascensors\\\/\"},{\"@type\":\"ListItem\",\"position\":2,\"name\":\"Qui Som\",\"item\":\"https:\\\/\\\/fain.es\\\/ca\\\/qui-som\\\/\"},{\"@type\":\"ListItem\",\"position\":3,\"name\":\"Directius de FAIN Ascensors\"}]},{\"@type\":\"WebSite\",\"@id\":\"https:\\\/\\\/fain.es\\\/ca\\\/#website\",\"url\":\"https:\\\/\\\/fain.es\\\/ca\\\/\",\"name\":\"FAIN\",\"description\":\"\",\"potentialAction\":[{\"@type\":\"SearchAction\",\"target\":{\"@type\":\"EntryPoint\",\"urlTemplate\":\"https:\\\/\\\/fain.es\\\/ca\\\/?s={search_term_string}\"},\"query-input\":{\"@type\":\"PropertyValueSpecification\",\"valueRequired\":true,\"valueName\":\"search_term_string\"}}],\"inLanguage\":\"ca\"}]}<\/script>\n<!-- \/ Yoast SEO plugin. -->","yoast_head_json":{"title":"Equip directiu de FAIN Ascensors  FAIN","description":"Coneix la traject\u00f2ria i formaci\u00f3 de l'equip de direcci\u00f3 al capdavant de FAIN Ascensors i els seus objectius estrat\u00e8gics.","robots":{"index":"index","follow":"follow","max-snippet":"max-snippet:-1","max-image-preview":"max-image-preview:large","max-video-preview":"max-video-preview:-1"},"canonical":"https:\/\/fain.es\/ca\/qui-som\/directius-de-fain-ascensors\/","og_locale":"ca_ES","og_type":"article","og_title":"Equip directiu de FAIN Ascensors  FAIN","og_description":"Coneix la traject\u00f2ria i formaci\u00f3 de l'equip de direcci\u00f3 al capdavant de FAIN Ascensors i els seus objectius estrat\u00e8gics.","og_url":"https:\/\/fain.es\/ca\/qui-som\/directius-de-fain-ascensors\/","og_site_name":"FAIN","article_modified_time":"2026-03-23T10:45:59+00:00","og_image":[{"width":1280,"height":720,"url":"https:\/\/fain.es\/wp-content\/uploads\/2024\/07\/trabajadores-de-fain-ascensores.jpg","type":"image\/jpeg"}],"twitter_card":"summary_large_image","schema":{"@context":"https:\/\/schema.org","@graph":[{"@type":"WebPage","@id":"https:\/\/fain.es\/ca\/qui-som\/directius-de-fain-ascensors\/","url":"https:\/\/fain.es\/ca\/qui-som\/directius-de-fain-ascensors\/","name":"Equip directiu de FAIN Ascensors FAIN","isPartOf":{"@id":"https:\/\/fain.es\/ca\/#website"},"primaryImageOfPage":{"@id":"https:\/\/fain.es\/ca\/qui-som\/directius-de-fain-ascensors\/#primaryimage"},"image":{"@id":"https:\/\/fain.es\/ca\/qui-som\/directius-de-fain-ascensors\/#primaryimage"},"thumbnailUrl":"https:\/\/fain.es\/wp-content\/uploads\/2024\/07\/trabajadores-de-fain-ascensores.jpg","datePublished":"2026-01-09T10:09:24+00:00","dateModified":"2026-03-23T10:45:59+00:00","description":"Coneix la traject\u00f2ria i formaci\u00f3 de l'equip de direcci\u00f3 al capdavant de FAIN Ascensors i els seus objectius estrat\u00e8gics.","breadcrumb":{"@id":"https:\/\/fain.es\/ca\/qui-som\/directius-de-fain-ascensors\/#breadcrumb"},"inLanguage":"ca","potentialAction":[{"@type":"ReadAction","target":["https:\/\/fain.es\/ca\/qui-som\/directius-de-fain-ascensors\/"]}]},{"@type":"ImageObject","inLanguage":"ca","@id":"https:\/\/fain.es\/ca\/qui-som\/directius-de-fain-ascensors\/#primaryimage","url":"https:\/\/fain.es\/wp-content\/uploads\/2024\/07\/trabajadores-de-fain-ascensores.jpg","contentUrl":"https:\/\/fain.es\/wp-content\/uploads\/2024\/07\/trabajadores-de-fain-ascensores.jpg","width":1280,"height":720,"caption":"Manteniment al punt m\u00e9s alt."},{"@type":"BreadcrumbList","@id":"https:\/\/fain.es\/ca\/qui-som\/directius-de-fain-ascensors\/#breadcrumb","itemListElement":[{"@type":"ListItem","position":1,"name":"Portada","item":"https:\/\/fain.es\/ca\/fain-ascensors\/"},{"@type":"ListItem","position":2,"name":"Qui Som","item":"https:\/\/fain.es\/ca\/qui-som\/"},{"@type":"ListItem","position":3,"name":"Directius de FAIN Ascensors"}]},{"@type":"WebSite","@id":"https:\/\/fain.es\/ca\/#website","url":"https:\/\/fain.es\/ca\/","name":"FAIN","description":"","potentialAction":[{"@type":"SearchAction","target":{"@type":"EntryPoint","urlTemplate":"https:\/\/fain.es\/ca\/?s={search_term_string}"},"query-input":{"@type":"PropertyValueSpecification","valueRequired":true,"valueName":"search_term_string"}}],"inLanguage":"ca"}]}},"_links":{"self":[{"href":"https:\/\/fain.es\/ca\/wp-json\/wp\/v2\/pages\/38317","targetHints":{"allow":["GET"]}}],"collection":[{"href":"https:\/\/fain.es\/ca\/wp-json\/wp\/v2\/pages"}],"about":[{"href":"https:\/\/fain.es\/ca\/wp-json\/wp\/v2\/types\/page"}],"author":[{"embeddable":true,"href":"https:\/\/fain.es\/ca\/wp-json\/wp\/v2\/users\/110141"}],"replies":[{"embeddable":true,"href":"https:\/\/fain.es\/ca\/wp-json\/wp\/v2\/comments?post=38317"}],"version-history":[{"count":2,"href":"https:\/\/fain.es\/ca\/wp-json\/wp\/v2\/pages\/38317\/revisions"}],"predecessor-version":[{"id":38325,"href":"https:\/\/fain.es\/ca\/wp-json\/wp\/v2\/pages\/38317\/revisions\/38325"}],"up":[{"embeddable":true,"href":"https:\/\/fain.es\/ca\/wp-json\/wp\/v2\/pages\/39137"}],"wp:featuredmedia":[{"embeddable":true,"href":"https:\/\/fain.es\/ca\/wp-json\/wp\/v2\/media\/38318"}],"wp:attachment":[{"href":"https:\/\/fain.es\/ca\/wp-json\/wp\/v2\/media?parent=38317"}],"curies":[{"name":"wp","href":"https:\/\/api.w.org\/{rel}","templated":true}]}}